{"id":1172,"date":"2012-06-15T15:29:17","date_gmt":"2012-06-15T13:29:17","guid":{"rendered":"http:\/\/bonnesadressesremoises.fr\/?page_id=1172"},"modified":"2017-05-01T12:20:21","modified_gmt":"2017-05-01T10:20:21","slug":"se-promener-dans-reims","status":"publish","type":"page","link":"https:\/\/bonnesadressesremoises.fr\/index.php\/se-promener-dans-reims\/","title":{"rendered":"Se promener dans Reims"},"content":{"rendered":"<p>Qu&rsquo;on soit touriste ou pas, la ville de Reims dissimule de jolis endroits \u00e0 d\u00e9couvrir lors de balades citadines. Sur cette page vous sont aussi livr\u00e9es de bonnes adresses de parcs o\u00f9 se rendre (avec ou sans enfants!).<\/p>\n<table>\n<tbody>\n<tr>\n<td style=\"text-align: center;\" width=\"50%\"><span style=\"text-decoration: underline; color: #800000;\">A visiter (payant)<br \/>\n<\/span><span style=\"color: #800000;\"><a title=\"Mus\u00e9e-h\u00f4tel Le Vergeur\" href=\"https:\/\/bonnesadressesremoises.fr\/index.php\/musee-le-vergeur-reims\/\">Mus\u00e9e-h\u00f4tel Le Vergeur<\/a><\/span><span style=\"text-decoration: underline; color: #800000;\"><br \/>\n<\/span><span style=\"color: #800000;\"><a title=\"La chapelle Foujita\" href=\"https:\/\/bonnesadressesremoises.fr\/index.php\/chapelle-foujita-reims\/\">La chapelle Foujita<\/a><\/span><\/td>\n<td style=\"text-align: center;\"><span style=\"text-decoration: underline; color: #800000;\">A visiter (gratuit)<br \/>\n<\/span><span style=\"color: #800000;\"><a title=\"La porte de Mars\" href=\"https:\/\/bonnesadressesremoises.fr\/index.php\/porte-de-mars-reims\/\">La porte de Mars<br \/>\n<\/a><\/span><a href=\"https:\/\/bonnesadressesremoises.fr\/index.php\/cathedrale-notre-dame-de-reims\/\">La cath\u00e9drale Notre-Dame<\/a><\/td>\n<\/tr>\n<\/tbody>\n<\/table>\n<table>\n<tbody>\n<tr>\n<td style=\"text-align: center;\" width=\"50%\"><span style=\"text-decoration: underline; color: #800000;\">Les places, rues et lieux \u00e0 voir<\/span><br \/>\n<a title=\"La place Jules Lobet\" href=\"https:\/\/bonnesadressesremoises.fr\/index.php\/place-jules-lobet\/\">La place Jules Lobet<br \/>\n<\/a><a title=\"La place Royale\" href=\"https:\/\/bonnesadressesremoises.fr\/index.php\/place-royale\/\">La place Royale<\/a><br \/>\n<a title=\"La place du Chapitre\" href=\"https:\/\/bonnesadressesremoises.fr\/index.php\/place-du-chapitre-de-reims\/\">La place du Chapitre<br \/>\n<\/a><a title=\"La place Godinot et la fontaine Godinot\" href=\"https:\/\/bonnesadressesremoises.fr\/index.php\/place-fontaine-godinot-reims\/\">La place Godinot<br \/>\n<\/a><a title=\"Le cours Jean-Baptiste Langlet\" href=\"https:\/\/bonnesadressesremoises.fr\/index.php\/cours-langlet-reims\/\">Le cours Langlet<br \/>\n<\/a><a title=\"Le Carrousel V\u00e9nitien\" href=\"https:\/\/bonnesadressesremoises.fr\/index.php\/carrousel-venitien-reims\/\">Le carrousel v\u00e9nitien<\/a><br \/>\n<a title=\"La porte de Mars\" href=\"https:\/\/bonnesadressesremoises.fr\/index.php\/porte-de-mars-reims\/\">La porte de Mars<\/a><\/td>\n<td style=\"text-align: center;\"><span style=\"text-decoration: underline; color: #800000;\">Les espaces verts de la ville<\/span><br \/>\n<a title=\"Le square des Cordeliers\" href=\"https:\/\/bonnesadressesremoises.fr\/index.php\/le-square-des-cordeliers\/\">Le square des Cordeliers<\/a><br \/>\n<a title=\"Le jardin Henri Deneux\" href=\"https:\/\/bonnesadressesremoises.fr\/index.php\/jardin-henri-deneux\/\">Le jardin Henri Deneux<\/a><br \/>\n<a title=\"Le parc de la Cure d\u2019Air\" href=\"https:\/\/bonnesadressesremoises.fr\/index.php\/parc-cure-air-reims\/\">Le parc de la cure d&rsquo;Air<\/a><br \/>\n<a title=\"Le parc de Champagne\" href=\"https:\/\/bonnesadressesremoises.fr\/index.php\/parc-de-champagne-reims\/\">Le parc de Champagne<\/a><br \/>\n<a title=\"Le square Charles Sarazin\" href=\"https:\/\/bonnesadressesremoises.fr\/index.php\/square-charles-sarazin-reims\/\">Le square Charles Sarazin<br \/>\n<\/a><a title=\"Le parc Saint-R\u00e9mi\" href=\"https:\/\/bonnesadressesremoises.fr\/index.php\/le-parc-saint-remi\/\">Le parc Saint-R\u00e9mi<\/a><br \/>\n<a title=\"Le parc Saint-John Perse\" href=\"https:\/\/bonnesadressesremoises.fr\/index.php\/parc-st-john-perse-reims\/\">Le parc Saint-John Perse<br \/>\n<\/a><a title=\"Le parc L\u00e9o Lagrange\" href=\"https:\/\/bonnesadressesremoises.fr\/index.php\/parc-leo-lagrange-reims\/\">Le parc L\u00e9o Lagrange<br \/>\n<\/a><a title=\"Le jardin d\u2019horticulture Pierre Schneiter\" href=\"https:\/\/bonnesadressesremoises.fr\/index.php\/jardin-horticulture-schneiter-reims\/\">Le jardin d&rsquo;horticulture Pierre Schneiter<\/a><br \/>\n<a title=\"Parc de la Patte d\u2019Oie\" href=\"https:\/\/bonnesadressesremoises.fr\/index.php\/parc-patte-oie-reims\/\">Le parc de la Patte d&rsquo;Oie<\/a><br \/>\n<a title=\"Parc Pierre Mend\u00e8s France\" href=\"https:\/\/bonnesadressesremoises.fr\/index.php\/parc-mendes-france-reims\/\">Le parc Pierre Mend\u00e8s France<\/a><br \/>\n<a title=\"La Coul\u00e9e Verte\" href=\"https:\/\/bonnesadressesremoises.fr\/index.php\/coulee-verte-reims\/\">La Coul\u00e9e Verte<\/a><\/td>\n<\/tr>\n<\/tbody>\n<\/table>\n<p style=\"text-align: center;\"><a title=\"Se promener aux alentours de Reims\" href=\"https:\/\/bonnesadressesremoises.fr\/index.php\/se-promener\/se-promener-aux-alentours-de-reims\/\">O\u00f9 se promener aux alentours de Reims?<br \/>\n<\/a><a href=\"https:\/\/bonnesadressesremoises.fr\/index.php\/visite-caves-champagne\/\">Les visites de caves<br \/>\n<\/a><a title=\"Bienvenue aux nouveaux r\u00e9mois !\" href=\"https:\/\/bonnesadressesremoises.fr\/index.php\/bienvenue-a-reims\/\">Vous venez de vous installer sur Reims ? Lisez cet article !<\/a><\/p>\n<p style=\"text-align: center;\"><img loading=\"lazy\" decoding=\"async\" class=\"aligncenter size-full wp-image-5460\" src=\"https:\/\/bonnesadressesremoises.fr\/wp-content\/uploads\/2012\/06\/mediatheque-reflet.jpg\" alt=\"mediatheque-reflet\" width=\"667\" height=\"286\" srcset=\"https:\/\/bonnesadressesremoises.fr\/wp-content\/uploads\/2012\/06\/mediatheque-reflet.jpg 667w, https:\/\/bonnesadressesremoises.fr\/wp-content\/uploads\/2012\/06\/mediatheque-reflet-500x214.jpg 500w\" sizes=\"auto, (max-width: 667px) 100vw, 667px\" \/><\/p>\n","protected":false},"excerpt":{"rendered":"<p>Qu&rsquo;on soit touriste ou pas, la ville de Reims dissimule de jolis endroits \u00e0 d\u00e9couvrir lors de balades citadines. Sur cette page vous sont aussi livr\u00e9es de bonnes adresses de parcs o\u00f9 se rendre (avec ou sans enfants!). A visiter &hellip; <a href=\"https:\/\/bonnesadressesremoises.fr\/index.php\/se-promener-dans-reims\/\">Continuer la lecture <span class=\"meta-nav\">&rarr;<\/span><\/a><\/p>\n","protected":false},"author":2,"featured_media":0,"parent":0,"menu_order":0,"comment_status":"closed","ping_status":"closed","template":"sidebar-page.php","meta":{"footnotes":""},"class_list":["post-1172","page","type-page","status-publish","hentry"],"yoast_head":"<!-- This site is optimized with the Yoast SEO plugin v27.4 - https:\/\/yoast.com\/product\/yoast-seo-wordpress\/ -->\n<title>Se promener dans Reims # Bonnes Adresses R\u00e9moises<\/title>\n<meta name=\"description\" content=\"O\u00f9 se promener dans Reims? Voici des bonnes adresses o\u00f9 se rendre qu&#039;on soit touriste ou r\u00e9mois! Monuments historiques, parcs, jolies rues...\" \/>\n<meta name=\"robots\" content=\"index, follow, max-snippet:-1, max-image-preview:large, max-video-preview:-1\" \/>\n<link rel=\"canonical\" href=\"https:\/\/bonnesadressesremoises.fr\/index.php\/se-promener-dans-reims\/\" \/>\n<meta name=\"twitter:label1\" content=\"Dur\u00e9e de lecture estim\u00e9e\" \/>\n\t<meta name=\"twitter:data1\" content=\"1 minute\" \/>\n<script type=\"application\/ld+json\" class=\"yoast-schema-graph\">{\"@context\":\"https:\\\/\\\/schema.org\",\"@graph\":[{\"@type\":\"WebPage\",\"@id\":\"https:\\\/\\\/bonnesadressesremoises.fr\\\/index.php\\\/se-promener-dans-reims\\\/\",\"url\":\"https:\\\/\\\/bonnesadressesremoises.fr\\\/index.php\\\/se-promener-dans-reims\\\/\",\"name\":\"Se promener dans Reims # Bonnes Adresses R\u00e9moises\",\"isPartOf\":{\"@id\":\"https:\\\/\\\/bonnesadressesremoises.fr\\\/#website\"},\"primaryImageOfPage\":{\"@id\":\"https:\\\/\\\/bonnesadressesremoises.fr\\\/index.php\\\/se-promener-dans-reims\\\/#primaryimage\"},\"image\":{\"@id\":\"https:\\\/\\\/bonnesadressesremoises.fr\\\/index.php\\\/se-promener-dans-reims\\\/#primaryimage\"},\"thumbnailUrl\":\"https:\\\/\\\/bonnesadressesremoises.fr\\\/wp-content\\\/uploads\\\/2012\\\/06\\\/mediatheque-reflet.jpg\",\"datePublished\":\"2012-06-15T13:29:17+00:00\",\"dateModified\":\"2017-05-01T10:20:21+00:00\",\"description\":\"O\u00f9 se promener dans Reims? Voici des bonnes adresses o\u00f9 se rendre qu'on soit touriste ou r\u00e9mois! Monuments historiques, parcs, jolies rues...\",\"breadcrumb\":{\"@id\":\"https:\\\/\\\/bonnesadressesremoises.fr\\\/index.php\\\/se-promener-dans-reims\\\/#breadcrumb\"},\"inLanguage\":\"fr-FR\",\"potentialAction\":[{\"@type\":\"ReadAction\",\"target\":[\"https:\\\/\\\/bonnesadressesremoises.fr\\\/index.php\\\/se-promener-dans-reims\\\/\"]}]},{\"@type\":\"ImageObject\",\"inLanguage\":\"fr-FR\",\"@id\":\"https:\\\/\\\/bonnesadressesremoises.fr\\\/index.php\\\/se-promener-dans-reims\\\/#primaryimage\",\"url\":\"https:\\\/\\\/bonnesadressesremoises.fr\\\/wp-content\\\/uploads\\\/2012\\\/06\\\/mediatheque-reflet.jpg\",\"contentUrl\":\"https:\\\/\\\/bonnesadressesremoises.fr\\\/wp-content\\\/uploads\\\/2012\\\/06\\\/mediatheque-reflet.jpg\",\"width\":667,\"height\":286},{\"@type\":\"BreadcrumbList\",\"@id\":\"https:\\\/\\\/bonnesadressesremoises.fr\\\/index.php\\\/se-promener-dans-reims\\\/#breadcrumb\",\"itemListElement\":[{\"@type\":\"ListItem\",\"position\":1,\"name\":\"Home\",\"item\":\"https:\\\/\\\/bonnesadressesremoises.fr\\\/\"},{\"@type\":\"ListItem\",\"position\":2,\"name\":\"Se promener dans Reims\"}]},{\"@type\":\"WebSite\",\"@id\":\"https:\\\/\\\/bonnesadressesremoises.fr\\\/#website\",\"url\":\"https:\\\/\\\/bonnesadressesremoises.fr\\\/\",\"name\":\"Bonnes Adresses R\u00e9moises\",\"description\":\"Des bonnes adresses sur Reims!\",\"potentialAction\":[{\"@type\":\"SearchAction\",\"target\":{\"@type\":\"EntryPoint\",\"urlTemplate\":\"https:\\\/\\\/bonnesadressesremoises.fr\\\/?s={search_term_string}\"},\"query-input\":{\"@type\":\"PropertyValueSpecification\",\"valueRequired\":true,\"valueName\":\"search_term_string\"}}],\"inLanguage\":\"fr-FR\"}]}<\/script>\n<!-- \/ Yoast SEO plugin. -->","yoast_head_json":{"title":"Se promener dans Reims # Bonnes Adresses R\u00e9moises","description":"O\u00f9 se promener dans Reims? Voici des bonnes adresses o\u00f9 se rendre qu'on soit touriste ou r\u00e9mois! Monuments historiques, parcs, jolies rues...","robots":{"index":"index","follow":"follow","max-snippet":"max-snippet:-1","max-image-preview":"max-image-preview:large","max-video-preview":"max-video-preview:-1"},"canonical":"https:\/\/bonnesadressesremoises.fr\/index.php\/se-promener-dans-reims\/","twitter_misc":{"Dur\u00e9e de lecture estim\u00e9e":"1 minute"},"schema":{"@context":"https:\/\/schema.org","@graph":[{"@type":"WebPage","@id":"https:\/\/bonnesadressesremoises.fr\/index.php\/se-promener-dans-reims\/","url":"https:\/\/bonnesadressesremoises.fr\/index.php\/se-promener-dans-reims\/","name":"Se promener dans Reims # Bonnes Adresses R\u00e9moises","isPartOf":{"@id":"https:\/\/bonnesadressesremoises.fr\/#website"},"primaryImageOfPage":{"@id":"https:\/\/bonnesadressesremoises.fr\/index.php\/se-promener-dans-reims\/#primaryimage"},"image":{"@id":"https:\/\/bonnesadressesremoises.fr\/index.php\/se-promener-dans-reims\/#primaryimage"},"thumbnailUrl":"https:\/\/bonnesadressesremoises.fr\/wp-content\/uploads\/2012\/06\/mediatheque-reflet.jpg","datePublished":"2012-06-15T13:29:17+00:00","dateModified":"2017-05-01T10:20:21+00:00","description":"O\u00f9 se promener dans Reims? Voici des bonnes adresses o\u00f9 se rendre qu'on soit touriste ou r\u00e9mois! Monuments historiques, parcs, jolies rues...","breadcrumb":{"@id":"https:\/\/bonnesadressesremoises.fr\/index.php\/se-promener-dans-reims\/#breadcrumb"},"inLanguage":"fr-FR","potentialAction":[{"@type":"ReadAction","target":["https:\/\/bonnesadressesremoises.fr\/index.php\/se-promener-dans-reims\/"]}]},{"@type":"ImageObject","inLanguage":"fr-FR","@id":"https:\/\/bonnesadressesremoises.fr\/index.php\/se-promener-dans-reims\/#primaryimage","url":"https:\/\/bonnesadressesremoises.fr\/wp-content\/uploads\/2012\/06\/mediatheque-reflet.jpg","contentUrl":"https:\/\/bonnesadressesremoises.fr\/wp-content\/uploads\/2012\/06\/mediatheque-reflet.jpg","width":667,"height":286},{"@type":"BreadcrumbList","@id":"https:\/\/bonnesadressesremoises.fr\/index.php\/se-promener-dans-reims\/#breadcrumb","itemListElement":[{"@type":"ListItem","position":1,"name":"Home","item":"https:\/\/bonnesadressesremoises.fr\/"},{"@type":"ListItem","position":2,"name":"Se promener dans Reims"}]},{"@type":"WebSite","@id":"https:\/\/bonnesadressesremoises.fr\/#website","url":"https:\/\/bonnesadressesremoises.fr\/","name":"Bonnes Adresses R\u00e9moises","description":"Des bonnes adresses sur Reims!","potentialAction":[{"@type":"SearchAction","target":{"@type":"EntryPoint","urlTemplate":"https:\/\/bonnesadressesremoises.fr\/?s={search_term_string}"},"query-input":{"@type":"PropertyValueSpecification","valueRequired":true,"valueName":"search_term_string"}}],"inLanguage":"fr-FR"}]}},"_links":{"self":[{"href":"https:\/\/bonnesadressesremoises.fr\/index.php\/wp-json\/wp\/v2\/pages\/1172","targetHints":{"allow":["GET"]}}],"collection":[{"href":"https:\/\/bonnesadressesremoises.fr\/index.php\/wp-json\/wp\/v2\/pages"}],"about":[{"href":"https:\/\/bonnesadressesremoises.fr\/index.php\/wp-json\/wp\/v2\/types\/page"}],"author":[{"embeddable":true,"href":"https:\/\/bonnesadressesremoises.fr\/index.php\/wp-json\/wp\/v2\/users\/2"}],"replies":[{"embeddable":true,"href":"https:\/\/bonnesadressesremoises.fr\/index.php\/wp-json\/wp\/v2\/comments?post=1172"}],"version-history":[{"count":2,"href":"https:\/\/bonnesadressesremoises.fr\/index.php\/wp-json\/wp\/v2\/pages\/1172\/revisions"}],"predecessor-version":[{"id":12383,"href":"https:\/\/bonnesadressesremoises.fr\/index.php\/wp-json\/wp\/v2\/pages\/1172\/revisions\/12383"}],"wp:attachment":[{"href":"https:\/\/bonnesadressesremoises.fr\/index.php\/wp-json\/wp\/v2\/media?parent=1172"}],"curies":[{"name":"wp","href":"https:\/\/api.w.org\/{rel}","templated":true}]}}