{"id":1309,"date":"2012-07-02T18:06:54","date_gmt":"2012-07-02T16:06:54","guid":{"rendered":"http:\/\/bonnesadressesremoises.fr\/?page_id=1309"},"modified":"2012-07-02T18:17:13","modified_gmt":"2012-07-02T16:17:13","slug":"plan-du-site","status":"publish","type":"page","link":"https:\/\/bonnesadressesremoises.fr\/index.php\/plan-du-site\/","title":{"rendered":"Plan du site"},"content":{"rendered":"<ul>\n<li><a href=\"https:\/\/bonnesadressesremoises.fr\/index.php\/category\/les-batailles\/\">Les batailles<br \/>\n<\/a><\/li>\n<li><a href=\"https:\/\/bonnesadressesremoises.fr\/index.php\/category\/en-apparte\/\">Appart\u00e9s<br \/>\n<\/a><\/li>\n<li>Bonnes Adresses\n<ul>\n<li>Pour se restaurer<\/li>\n<li>Pour se promener\n<ul>\n<li><a href=\"https:\/\/bonnesadressesremoises.fr\/index.php\/se-promener\/se-promener-dans-reims\/\">Dans Reims<\/a><\/li>\n<li><a href=\"https:\/\/bonnesadressesremoises.fr\/index.php\/category\/bonnes-adresses-2\/pour-se-promener\/aux-alentours\/\">Aux alentours<\/a><\/li>\n<li>Un peu plus loin<\/li>\n<\/ul>\n<\/li>\n<li>Pour d\u00e9guster de bons produits\n<ul>\n<li>Qui se boivent<\/li>\n<li>Qui se mangent<\/li>\n<\/ul>\n<\/li>\n<li>Pour passer la nuit<\/li>\n<li>Pour se d\u00e9penser<\/li>\n<li>Pour se d\u00e9tendre<\/li>\n<\/ul>\n<\/li>\n<li>Produits locaux\n<ul>\n<li>A d\u00e9guster<\/li>\n<li>A \u00e9couter<\/li>\n<li>A lire<\/li>\n<\/ul>\n<\/li>\n<\/ul>\n","protected":false},"excerpt":{"rendered":"<p>Les batailles Appart\u00e9s Bonnes Adresses Pour se restaurer Pour se promener Dans Reims Aux alentours Un peu plus loin Pour d\u00e9guster de bons produits Qui se boivent Qui se mangent Pour passer la nuit Pour se d\u00e9penser Pour se d\u00e9tendre &hellip; <a href=\"https:\/\/bonnesadressesremoises.fr\/index.php\/plan-du-site\/\">Continuer la lecture <span class=\"meta-nav\">&rarr;<\/span><\/a><\/p>\n","protected":false},"author":2,"featured_media":0,"parent":0,"menu_order":0,"comment_status":"closed","ping_status":"closed","template":"","meta":{"footnotes":""},"class_list":["post-1309","page","type-page","status-publish","hentry"],"yoast_head":"<!-- This site is optimized with the Yoast SEO plugin v27.5 - https:\/\/yoast.com\/product\/yoast-seo-wordpress\/ -->\n<title>Plan du site # Bonnes Adresses R\u00e9moises<\/title>\n<meta name=\"description\" content=\"Les batailles Appart\u00e9s Bonnes Adresses Pour se restaurer Pour se promener Dans Reims Aux alentours Un peu plus loin Pour d\u00e9guster de bons produits Qui se\" \/>\n<meta name=\"robots\" content=\"index, follow, max-snippet:-1, max-image-preview:large, max-video-preview:-1\" \/>\n<link rel=\"canonical\" href=\"https:\/\/bonnesadressesremoises.fr\/index.php\/plan-du-site\/\" \/>\n<script type=\"application\/ld+json\" class=\"yoast-schema-graph\">{\"@context\":\"https:\\\/\\\/schema.org\",\"@graph\":[{\"@type\":\"WebPage\",\"@id\":\"https:\\\/\\\/bonnesadressesremoises.fr\\\/index.php\\\/plan-du-site\\\/\",\"url\":\"https:\\\/\\\/bonnesadressesremoises.fr\\\/index.php\\\/plan-du-site\\\/\",\"name\":\"Plan du site # Bonnes Adresses R\u00e9moises\",\"isPartOf\":{\"@id\":\"https:\\\/\\\/bonnesadressesremoises.fr\\\/#website\"},\"datePublished\":\"2012-07-02T16:06:54+00:00\",\"dateModified\":\"2012-07-02T16:17:13+00:00\",\"description\":\"Les batailles Appart\u00e9s Bonnes Adresses Pour se restaurer Pour se promener Dans Reims Aux alentours Un peu plus loin Pour d\u00e9guster de bons produits Qui se\",\"breadcrumb\":{\"@id\":\"https:\\\/\\\/bonnesadressesremoises.fr\\\/index.php\\\/plan-du-site\\\/#breadcrumb\"},\"inLanguage\":\"fr-FR\",\"potentialAction\":[{\"@type\":\"ReadAction\",\"target\":[\"https:\\\/\\\/bonnesadressesremoises.fr\\\/index.php\\\/plan-du-site\\\/\"]}]},{\"@type\":\"BreadcrumbList\",\"@id\":\"https:\\\/\\\/bonnesadressesremoises.fr\\\/index.php\\\/plan-du-site\\\/#breadcrumb\",\"itemListElement\":[{\"@type\":\"ListItem\",\"position\":1,\"name\":\"Home\",\"item\":\"https:\\\/\\\/bonnesadressesremoises.fr\\\/\"},{\"@type\":\"ListItem\",\"position\":2,\"name\":\"Plan du site\"}]},{\"@type\":\"WebSite\",\"@id\":\"https:\\\/\\\/bonnesadressesremoises.fr\\\/#website\",\"url\":\"https:\\\/\\\/bonnesadressesremoises.fr\\\/\",\"name\":\"Bonnes Adresses R\u00e9moises\",\"description\":\"Des bonnes adresses sur Reims!\",\"potentialAction\":[{\"@type\":\"SearchAction\",\"target\":{\"@type\":\"EntryPoint\",\"urlTemplate\":\"https:\\\/\\\/bonnesadressesremoises.fr\\\/?s={search_term_string}\"},\"query-input\":{\"@type\":\"PropertyValueSpecification\",\"valueRequired\":true,\"valueName\":\"search_term_string\"}}],\"inLanguage\":\"fr-FR\"}]}<\/script>\n<!-- \/ Yoast SEO plugin. -->","yoast_head_json":{"title":"Plan du site # Bonnes Adresses R\u00e9moises","description":"Les batailles Appart\u00e9s Bonnes Adresses Pour se restaurer Pour se promener Dans Reims Aux alentours Un peu plus loin Pour d\u00e9guster de bons produits Qui se","robots":{"index":"index","follow":"follow","max-snippet":"max-snippet:-1","max-image-preview":"max-image-preview:large","max-video-preview":"max-video-preview:-1"},"canonical":"https:\/\/bonnesadressesremoises.fr\/index.php\/plan-du-site\/","schema":{"@context":"https:\/\/schema.org","@graph":[{"@type":"WebPage","@id":"https:\/\/bonnesadressesremoises.fr\/index.php\/plan-du-site\/","url":"https:\/\/bonnesadressesremoises.fr\/index.php\/plan-du-site\/","name":"Plan du site # Bonnes Adresses R\u00e9moises","isPartOf":{"@id":"https:\/\/bonnesadressesremoises.fr\/#website"},"datePublished":"2012-07-02T16:06:54+00:00","dateModified":"2012-07-02T16:17:13+00:00","description":"Les batailles Appart\u00e9s Bonnes Adresses Pour se restaurer Pour se promener Dans Reims Aux alentours Un peu plus loin Pour d\u00e9guster de bons produits Qui se","breadcrumb":{"@id":"https:\/\/bonnesadressesremoises.fr\/index.php\/plan-du-site\/#breadcrumb"},"inLanguage":"fr-FR","potentialAction":[{"@type":"ReadAction","target":["https:\/\/bonnesadressesremoises.fr\/index.php\/plan-du-site\/"]}]},{"@type":"BreadcrumbList","@id":"https:\/\/bonnesadressesremoises.fr\/index.php\/plan-du-site\/#breadcrumb","itemListElement":[{"@type":"ListItem","position":1,"name":"Home","item":"https:\/\/bonnesadressesremoises.fr\/"},{"@type":"ListItem","position":2,"name":"Plan du site"}]},{"@type":"WebSite","@id":"https:\/\/bonnesadressesremoises.fr\/#website","url":"https:\/\/bonnesadressesremoises.fr\/","name":"Bonnes Adresses R\u00e9moises","description":"Des bonnes adresses sur Reims!","potentialAction":[{"@type":"SearchAction","target":{"@type":"EntryPoint","urlTemplate":"https:\/\/bonnesadressesremoises.fr\/?s={search_term_string}"},"query-input":{"@type":"PropertyValueSpecification","valueRequired":true,"valueName":"search_term_string"}}],"inLanguage":"fr-FR"}]}},"_links":{"self":[{"href":"https:\/\/bonnesadressesremoises.fr\/index.php\/wp-json\/wp\/v2\/pages\/1309","targetHints":{"allow":["GET"]}}],"collection":[{"href":"https:\/\/bonnesadressesremoises.fr\/index.php\/wp-json\/wp\/v2\/pages"}],"about":[{"href":"https:\/\/bonnesadressesremoises.fr\/index.php\/wp-json\/wp\/v2\/types\/page"}],"author":[{"embeddable":true,"href":"https:\/\/bonnesadressesremoises.fr\/index.php\/wp-json\/wp\/v2\/users\/2"}],"replies":[{"embeddable":true,"href":"https:\/\/bonnesadressesremoises.fr\/index.php\/wp-json\/wp\/v2\/comments?post=1309"}],"version-history":[{"count":0,"href":"https:\/\/bonnesadressesremoises.fr\/index.php\/wp-json\/wp\/v2\/pages\/1309\/revisions"}],"wp:attachment":[{"href":"https:\/\/bonnesadressesremoises.fr\/index.php\/wp-json\/wp\/v2\/media?parent=1309"}],"curies":[{"name":"wp","href":"https:\/\/api.w.org\/{rel}","templated":true}]}}