{"id":2232,"date":"2012-10-28T17:47:25","date_gmt":"2012-10-28T15:47:25","guid":{"rendered":"http:\/\/bonnesadressesremoises.fr\/?page_id=2232"},"modified":"2017-11-28T13:00:50","modified_gmt":"2017-11-28T11:00:50","slug":"bonnes-adresses-restaurants-reims","status":"publish","type":"page","link":"https:\/\/bonnesadressesremoises.fr\/index.php\/bonnes-adresses-restaurants-reims\/","title":{"rendered":"Bonnes adresses de restaurants"},"content":{"rendered":"<p style=\"text-align: center;\">Les adresses de restaurants r\u00e9f\u00e9renc\u00e9es ci-dessous sont des adresses coups de coeur.<br \/>\nComme\u00a0toutes nos \u00ab\u00a0bonnes adresses\u00a0\u00bb, on les met en avant gratuitement,<br \/>\ntout simplement\u00a0parce qu&rsquo;on les aime ! &#x2665;&#x2665;&#x2665;<\/p>\n<p style=\"text-align: center;\"><a title=\"Les cantines du midi (en semaine)\" href=\"https:\/\/bonnesadressesremoises.fr\/index.php\/cantines-midi-reims\/\"><img loading=\"lazy\" decoding=\"async\" class=\"alignnone wp-image-7822 size-full\" title=\"cantines du midi en semaine \u00e0 reims\" src=\"https:\/\/bonnesadressesremoises.fr\/wp-content\/uploads\/2012\/10\/cantines-du-midi-reims-vignette1.png\" alt=\"cantines-du-midi-reims-vignette\" width=\"140\" height=\"124\" \/><\/a> <a title=\"Manger un hamburger \u00e0 Reims sans se tromper\" href=\"https:\/\/bonnesadressesremoises.fr\/index.php\/manger-hamburger-reims\/\"><img loading=\"lazy\" decoding=\"async\" class=\"alignnone wp-image-7829 size-full\" title=\"manger un hamburger \u00e0 reims\" src=\"https:\/\/bonnesadressesremoises.fr\/wp-content\/uploads\/2012\/10\/hamburger-a-reims-vignette.png\" alt=\"hamburger-a-reims-vignette\" width=\"140\" height=\"124\" \/><\/a>\u00a0<a href=\"https:\/\/bonnesadressesremoises.fr\/index.php\/restaurant-version-originale\/\"><img loading=\"lazy\" decoding=\"async\" class=\"alignnone wp-image-8880 size-full\" title=\"version originale quartier boulingrin\" src=\"https:\/\/bonnesadressesremoises.fr\/wp-content\/uploads\/2012\/10\/version-originale-vignette.png\" alt=\"version-originale-vignette\" width=\"140\" height=\"124\" \/><\/a>\u00a0<a href=\"https:\/\/bonnesadressesremoises.fr\/index.php\/cantine-du-coq\/\"><img loading=\"lazy\" decoding=\"async\" class=\"alignnone wp-image-10508 size-full\" title=\"La Cantine du Coqu\" src=\"https:\/\/bonnesadressesremoises.fr\/wp-content\/uploads\/2012\/10\/cantine-du-coq-vignette.png\" alt=\"La Cantine du Coqu\" width=\"140\" height=\"124\" \/><\/a>\u00a0<a href=\"https:\/\/bonnesadressesremoises.fr\/index.php\/le-square\/\"><img loading=\"lazy\" decoding=\"async\" class=\"alignnone wp-image-11628 size-full\" title=\"Le Square rue Ponsardin\" src=\"https:\/\/bonnesadressesremoises.fr\/wp-content\/uploads\/2012\/10\/le-square-midi-vignette.png\" alt=\"Le Square\" width=\"140\" height=\"124\" \/><\/a>\u00a0<a href=\"https:\/\/bonnesadressesremoises.fr\/index.php\/che-diego\/\"><img loading=\"lazy\" decoding=\"async\" class=\"alignnone size-full wp-image-12807\" src=\"https:\/\/bonnesadressesremoises.fr\/wp-content\/uploads\/2017\/11\/che-diego-vignette.png\" alt=\"\" width=\"140\" height=\"124\" \/><\/a> <a title=\"Le Grand Caf\u00e9\" href=\"https:\/\/bonnesadressesremoises.fr\/index.php\/grand-cafe-erlon-reims\/\"><img loading=\"lazy\" decoding=\"async\" class=\"alignnone wp-image-7825 size-full\" title=\"le grand caf\u00e9 place d'erlon\" src=\"https:\/\/bonnesadressesremoises.fr\/wp-content\/uploads\/2012\/10\/grand-cafe-vignette1.png\" alt=\"grand-cafe-vignette\" width=\"140\" height=\"124\" \/><\/a> <a title=\"C\u00f4t\u00e9 cuisine\" href=\"https:\/\/bonnesadressesremoises.fr\/index.php\/cote-cuisine\/\"><img loading=\"lazy\" decoding=\"async\" class=\"alignnone wp-image-7823 size-full\" title=\"c\u00f4t\u00e9 cuisine c\u00f4t\u00e9 jardin\" src=\"https:\/\/bonnesadressesremoises.fr\/wp-content\/uploads\/2012\/10\/cote-cuisine-vignette.png\" alt=\"cote-cuisine-vignette\" width=\"140\" height=\"124\" \/><\/a> <a title=\"Allez bruncher en Appart\u2019th\u00e9\" href=\"https:\/\/bonnesadressesremoises.fr\/index.php\/brunch-appart-the-reims\/\"><img loading=\"lazy\" decoding=\"async\" class=\"alignnone size-full wp-image-7824\" src=\"https:\/\/bonnesadressesremoises.fr\/wp-content\/uploads\/2012\/10\/en-appar-the-vignette1.png\" alt=\"en-appar-the-vignette\" width=\"140\" height=\"124\" \/><\/a> <a title=\"Le Bistrot du Circuit\" href=\"https:\/\/bonnesadressesremoises.fr\/index.php\/bistrot-du-circuit-gueux\/\"><img loading=\"lazy\" decoding=\"async\" class=\"alignnone wp-image-7818 size-full\" title=\"bistrot du circuit \u00e0 gueux\" src=\"https:\/\/bonnesadressesremoises.fr\/wp-content\/uploads\/2012\/10\/bistrot-circuit-gueux-vignette.png\" alt=\"bistrot-circuit-gueux-vignette\" width=\"140\" height=\"124\" \/><\/a> <a title=\"Anna-S. La Table Amoureuse\" href=\"https:\/\/bonnesadressesremoises.fr\/index.php\/table-amoureuse-anna-s\/\"><img loading=\"lazy\" decoding=\"async\" class=\"alignnone wp-image-7820 size-full\" title=\"anna s la table amoureuse\" src=\"https:\/\/bonnesadressesremoises.fr\/wp-content\/uploads\/2012\/10\/anna-s-vignette1.png\" alt=\"anna-s-vignette\" width=\"140\" height=\"124\" \/><\/a> <a title=\"La Villa\" href=\"https:\/\/bonnesadressesremoises.fr\/index.php\/la-villa-mars-reims\/\"><img loading=\"lazy\" decoding=\"async\" class=\"alignnone wp-image-7827 size-full\" title=\"la villa quartier boulingrin\" src=\"https:\/\/bonnesadressesremoises.fr\/wp-content\/uploads\/2012\/10\/la-villa-vignette1.png\" alt=\"la-villa-vignette\" width=\"140\" height=\"124\" \/><\/a>\u00a0<a href=\"https:\/\/bonnesadressesremoises.fr\/index.php\/le-petit-basque\/\"><img loading=\"lazy\" decoding=\"async\" class=\"alignnone size-full wp-image-9858\" src=\"https:\/\/bonnesadressesremoises.fr\/wp-content\/uploads\/2012\/10\/petit-basque-vignette.png\" alt=\"petit-basque-vignette\" width=\"140\" height=\"124\" \/><\/a>\u00a0<a title=\"Immanquable : Les Halles 1924 et leur menu du samedi midi\" href=\"https:\/\/bonnesadressesremoises.fr\/index.php\/restaurant-les-halles-1924\/\"><img loading=\"lazy\" decoding=\"async\" class=\"alignnone wp-image-7828 size-full\" title=\"les halles brasserie 1924 quartier boulingrin\" src=\"https:\/\/bonnesadressesremoises.fr\/wp-content\/uploads\/2012\/10\/les-halles-vignette.png\" alt=\"les-halles-vignette\" width=\"140\" height=\"124\" \/><\/a><br \/>\n<span style=\"color: #ffffff;\">bonnes adresses restaurants restos \u00e0 reims o\u00f9 manger reims<\/span><\/p>\n<p style=\"text-align: center;\"><a href=\"https:\/\/bonnesadressesremoises.fr\/index.php\/les-hebergements\/\"><img loading=\"lazy\" decoding=\"async\" class=\"alignnone size-full wp-image-10736\" src=\"https:\/\/bonnesadressesremoises.fr\/wp-content\/uploads\/2016\/03\/liste-hebergements.png\" alt=\"liste-hebergements\" width=\"133\" height=\"58\" \/><\/a>\u00a0<a href=\"https:\/\/bonnesadressesremoises.fr\/index.php\/se-promener-aux-alentours-de-reims\/\"><img loading=\"lazy\" decoding=\"async\" class=\"alignnone size-full wp-image-10738\" src=\"https:\/\/bonnesadressesremoises.fr\/wp-content\/uploads\/2016\/03\/liste-sorties-autour-de-reims.png\" alt=\"liste-sorties-autour-de-reims\" width=\"133\" height=\"58\" \/><\/a><\/p>\n","protected":false},"excerpt":{"rendered":"<p>Les adresses de restaurants r\u00e9f\u00e9renc\u00e9es ci-dessous sont des adresses coups de coeur. Comme\u00a0toutes nos \u00ab\u00a0bonnes adresses\u00a0\u00bb, on les met en avant gratuitement, tout simplement\u00a0parce qu&rsquo;on les aime ! &#x2665;&#x2665;&#x2665; \u00a0\u00a0\u00a0\u00a0 \u00a0\u00a0 bonnes adresses restaurants restos \u00e0 reims o\u00f9 manger reims &hellip; <a href=\"https:\/\/bonnesadressesremoises.fr\/index.php\/bonnes-adresses-restaurants-reims\/\">Continuer la lecture <span class=\"meta-nav\">&rarr;<\/span><\/a><\/p>\n","protected":false},"author":2,"featured_media":9916,"parent":0,"menu_order":0,"comment_status":"closed","ping_status":"closed","template":"sidebar-page.php","meta":{"footnotes":""},"class_list":["post-2232","page","type-page","status-publish","has-post-thumbnail","hentry"],"yoast_head":"<!-- This site is optimized with the Yoast SEO plugin v27.3 - https:\/\/yoast.com\/product\/yoast-seo-wordpress\/ -->\n<title>Restaurants \u00e0 Reims # Bonnes Adresses R\u00e9moises<\/title>\n<meta name=\"description\" content=\"O\u00f9 manger sur Reims ou dans les environs? Notre s\u00e9lection de bonnes adresses de restaurants r\u00e9mois \u00e0 d\u00e9couvrir sur le blog.\" \/>\n<meta name=\"robots\" content=\"index, follow, max-snippet:-1, max-image-preview:large, max-video-preview:-1\" \/>\n<link rel=\"canonical\" href=\"https:\/\/bonnesadressesremoises.fr\/index.php\/bonnes-adresses-restaurants-reims\/\" \/>\n<script type=\"application\/ld+json\" class=\"yoast-schema-graph\">{\"@context\":\"https:\\\/\\\/schema.org\",\"@graph\":[{\"@type\":\"WebPage\",\"@id\":\"https:\\\/\\\/bonnesadressesremoises.fr\\\/index.php\\\/bonnes-adresses-restaurants-reims\\\/\",\"url\":\"https:\\\/\\\/bonnesadressesremoises.fr\\\/index.php\\\/bonnes-adresses-restaurants-reims\\\/\",\"name\":\"Restaurants \u00e0 Reims # Bonnes Adresses R\u00e9moises\",\"isPartOf\":{\"@id\":\"https:\\\/\\\/bonnesadressesremoises.fr\\\/#website\"},\"primaryImageOfPage\":{\"@id\":\"https:\\\/\\\/bonnesadressesremoises.fr\\\/index.php\\\/bonnes-adresses-restaurants-reims\\\/#primaryimage\"},\"image\":{\"@id\":\"https:\\\/\\\/bonnesadressesremoises.fr\\\/index.php\\\/bonnes-adresses-restaurants-reims\\\/#primaryimage\"},\"thumbnailUrl\":\"https:\\\/\\\/bonnesadressesremoises.fr\\\/wp-content\\\/uploads\\\/2015\\\/11\\\/pour-se-restaurer.jpg\",\"datePublished\":\"2012-10-28T15:47:25+00:00\",\"dateModified\":\"2017-11-28T11:00:50+00:00\",\"description\":\"O\u00f9 manger sur Reims ou dans les environs? Notre s\u00e9lection de bonnes adresses de restaurants r\u00e9mois \u00e0 d\u00e9couvrir sur le blog.\",\"breadcrumb\":{\"@id\":\"https:\\\/\\\/bonnesadressesremoises.fr\\\/index.php\\\/bonnes-adresses-restaurants-reims\\\/#breadcrumb\"},\"inLanguage\":\"fr-FR\",\"potentialAction\":[{\"@type\":\"ReadAction\",\"target\":[\"https:\\\/\\\/bonnesadressesremoises.fr\\\/index.php\\\/bonnes-adresses-restaurants-reims\\\/\"]}]},{\"@type\":\"ImageObject\",\"inLanguage\":\"fr-FR\",\"@id\":\"https:\\\/\\\/bonnesadressesremoises.fr\\\/index.php\\\/bonnes-adresses-restaurants-reims\\\/#primaryimage\",\"url\":\"https:\\\/\\\/bonnesadressesremoises.fr\\\/wp-content\\\/uploads\\\/2015\\\/11\\\/pour-se-restaurer.jpg\",\"contentUrl\":\"https:\\\/\\\/bonnesadressesremoises.fr\\\/wp-content\\\/uploads\\\/2015\\\/11\\\/pour-se-restaurer.jpg\",\"width\":1000,\"height\":215},{\"@type\":\"BreadcrumbList\",\"@id\":\"https:\\\/\\\/bonnesadressesremoises.fr\\\/index.php\\\/bonnes-adresses-restaurants-reims\\\/#breadcrumb\",\"itemListElement\":[{\"@type\":\"ListItem\",\"position\":1,\"name\":\"Home\",\"item\":\"https:\\\/\\\/bonnesadressesremoises.fr\\\/\"},{\"@type\":\"ListItem\",\"position\":2,\"name\":\"Bonnes adresses de restaurants\"}]},{\"@type\":\"WebSite\",\"@id\":\"https:\\\/\\\/bonnesadressesremoises.fr\\\/#website\",\"url\":\"https:\\\/\\\/bonnesadressesremoises.fr\\\/\",\"name\":\"Bonnes Adresses R\u00e9moises\",\"description\":\"Des bonnes adresses sur Reims!\",\"potentialAction\":[{\"@type\":\"SearchAction\",\"target\":{\"@type\":\"EntryPoint\",\"urlTemplate\":\"https:\\\/\\\/bonnesadressesremoises.fr\\\/?s={search_term_string}\"},\"query-input\":{\"@type\":\"PropertyValueSpecification\",\"valueRequired\":true,\"valueName\":\"search_term_string\"}}],\"inLanguage\":\"fr-FR\"}]}<\/script>\n<!-- \/ Yoast SEO plugin. -->","yoast_head_json":{"title":"Restaurants \u00e0 Reims # Bonnes Adresses R\u00e9moises","description":"O\u00f9 manger sur Reims ou dans les environs? Notre s\u00e9lection de bonnes adresses de restaurants r\u00e9mois \u00e0 d\u00e9couvrir sur le blog.","robots":{"index":"index","follow":"follow","max-snippet":"max-snippet:-1","max-image-preview":"max-image-preview:large","max-video-preview":"max-video-preview:-1"},"canonical":"https:\/\/bonnesadressesremoises.fr\/index.php\/bonnes-adresses-restaurants-reims\/","schema":{"@context":"https:\/\/schema.org","@graph":[{"@type":"WebPage","@id":"https:\/\/bonnesadressesremoises.fr\/index.php\/bonnes-adresses-restaurants-reims\/","url":"https:\/\/bonnesadressesremoises.fr\/index.php\/bonnes-adresses-restaurants-reims\/","name":"Restaurants \u00e0 Reims # Bonnes Adresses R\u00e9moises","isPartOf":{"@id":"https:\/\/bonnesadressesremoises.fr\/#website"},"primaryImageOfPage":{"@id":"https:\/\/bonnesadressesremoises.fr\/index.php\/bonnes-adresses-restaurants-reims\/#primaryimage"},"image":{"@id":"https:\/\/bonnesadressesremoises.fr\/index.php\/bonnes-adresses-restaurants-reims\/#primaryimage"},"thumbnailUrl":"https:\/\/bonnesadressesremoises.fr\/wp-content\/uploads\/2015\/11\/pour-se-restaurer.jpg","datePublished":"2012-10-28T15:47:25+00:00","dateModified":"2017-11-28T11:00:50+00:00","description":"O\u00f9 manger sur Reims ou dans les environs? Notre s\u00e9lection de bonnes adresses de restaurants r\u00e9mois \u00e0 d\u00e9couvrir sur le blog.","breadcrumb":{"@id":"https:\/\/bonnesadressesremoises.fr\/index.php\/bonnes-adresses-restaurants-reims\/#breadcrumb"},"inLanguage":"fr-FR","potentialAction":[{"@type":"ReadAction","target":["https:\/\/bonnesadressesremoises.fr\/index.php\/bonnes-adresses-restaurants-reims\/"]}]},{"@type":"ImageObject","inLanguage":"fr-FR","@id":"https:\/\/bonnesadressesremoises.fr\/index.php\/bonnes-adresses-restaurants-reims\/#primaryimage","url":"https:\/\/bonnesadressesremoises.fr\/wp-content\/uploads\/2015\/11\/pour-se-restaurer.jpg","contentUrl":"https:\/\/bonnesadressesremoises.fr\/wp-content\/uploads\/2015\/11\/pour-se-restaurer.jpg","width":1000,"height":215},{"@type":"BreadcrumbList","@id":"https:\/\/bonnesadressesremoises.fr\/index.php\/bonnes-adresses-restaurants-reims\/#breadcrumb","itemListElement":[{"@type":"ListItem","position":1,"name":"Home","item":"https:\/\/bonnesadressesremoises.fr\/"},{"@type":"ListItem","position":2,"name":"Bonnes adresses de restaurants"}]},{"@type":"WebSite","@id":"https:\/\/bonnesadressesremoises.fr\/#website","url":"https:\/\/bonnesadressesremoises.fr\/","name":"Bonnes Adresses R\u00e9moises","description":"Des bonnes adresses sur Reims!","potentialAction":[{"@type":"SearchAction","target":{"@type":"EntryPoint","urlTemplate":"https:\/\/bonnesadressesremoises.fr\/?s={search_term_string}"},"query-input":{"@type":"PropertyValueSpecification","valueRequired":true,"valueName":"search_term_string"}}],"inLanguage":"fr-FR"}]}},"_links":{"self":[{"href":"https:\/\/bonnesadressesremoises.fr\/index.php\/wp-json\/wp\/v2\/pages\/2232","targetHints":{"allow":["GET"]}}],"collection":[{"href":"https:\/\/bonnesadressesremoises.fr\/index.php\/wp-json\/wp\/v2\/pages"}],"about":[{"href":"https:\/\/bonnesadressesremoises.fr\/index.php\/wp-json\/wp\/v2\/types\/page"}],"author":[{"embeddable":true,"href":"https:\/\/bonnesadressesremoises.fr\/index.php\/wp-json\/wp\/v2\/users\/2"}],"replies":[{"embeddable":true,"href":"https:\/\/bonnesadressesremoises.fr\/index.php\/wp-json\/wp\/v2\/comments?post=2232"}],"version-history":[{"count":3,"href":"https:\/\/bonnesadressesremoises.fr\/index.php\/wp-json\/wp\/v2\/pages\/2232\/revisions"}],"predecessor-version":[{"id":12809,"href":"https:\/\/bonnesadressesremoises.fr\/index.php\/wp-json\/wp\/v2\/pages\/2232\/revisions\/12809"}],"wp:featuredmedia":[{"embeddable":true,"href":"https:\/\/bonnesadressesremoises.fr\/index.php\/wp-json\/wp\/v2\/media\/9916"}],"wp:attachment":[{"href":"https:\/\/bonnesadressesremoises.fr\/index.php\/wp-json\/wp\/v2\/media?parent=2232"}],"curies":[{"name":"wp","href":"https:\/\/api.w.org\/{rel}","templated":true}]}}