{"id":3697,"date":"2013-04-22T14:50:56","date_gmt":"2013-04-22T12:50:56","guid":{"rendered":"http:\/\/bonnesadressesremoises.fr\/?page_id=3697"},"modified":"2016-03-23T17:21:00","modified_gmt":"2016-03-23T15:21:00","slug":"jardins-et-parcs-de-la-ville-reims","status":"publish","type":"page","link":"https:\/\/bonnesadressesremoises.fr\/index.php\/jardins-et-parcs-de-la-ville-reims\/","title":{"rendered":"Jardins et parcs de la ville"},"content":{"rendered":"<p>C&rsquo;est plus de 200 hectares d&rsquo;espaces verts qui sont \u00e9parpill\u00e9s dans la ville de Reims. Pour lire l&rsquo;article d\u00e9taill\u00e9 d&rsquo;un lieu, cliquez sur sa photo :<\/p>\n<p align=\"center\"><a title=\"Le parc Saint-R\u00e9mi\" href=\"https:\/\/bonnesadressesremoises.fr\/index.php\/le-parc-saint-remi\/\"><img loading=\"lazy\" decoding=\"async\" class=\"alignnone size-full wp-image-3701\" style=\"margin-left: -60px; border: 0px;\" title=\"Parc Saint-R\u00e9mi\" src=\"https:\/\/bonnesadressesremoises.fr\/wp-content\/uploads\/2013\/04\/parc-st-remi-vignette.png\" alt=\"\" width=\"217\" height=\"207\" \/><\/a><a title=\"Le square des Cordeliers\" href=\"https:\/\/bonnesadressesremoises.fr\/index.php\/le-square-des-cordeliers\/\"><img loading=\"lazy\" decoding=\"async\" class=\"size-full wp-image-3702\" style=\"margin-left: -15px; border: 0px;\" title=\"Square des Cordeliers\" src=\"https:\/\/bonnesadressesremoises.fr\/wp-content\/uploads\/2013\/04\/square-cordeliers-vignette.png\" alt=\"\" width=\"218\" height=\"216\" \/><\/a><a title=\"Le jardin Henri Deneux\" href=\"https:\/\/bonnesadressesremoises.fr\/index.php\/jardin-henri-deneux\/\"><img loading=\"lazy\" decoding=\"async\" class=\"alignnone size-full wp-image-3698\" style=\"margin-left: -22px; margin-right: -35px; border: 0px;\" title=\"Jardin Henri Deneux\" src=\"https:\/\/bonnesadressesremoises.fr\/wp-content\/uploads\/2013\/04\/jardin-deneux-vignette.png\" alt=\"\" width=\"217\" height=\"217\" \/><\/a><a title=\"Le parc de Champagne\" href=\"https:\/\/bonnesadressesremoises.fr\/index.php\/parc-de-champagne-reims\/\"><img loading=\"lazy\" decoding=\"async\" class=\"alignnone size-full wp-image-3699\" style=\"margin-left: -60px; border: 0px;\" title=\"Parc de Champagne\" src=\"https:\/\/bonnesadressesremoises.fr\/wp-content\/uploads\/2013\/04\/parc-champagne-vignette.png\" alt=\"\" width=\"218\" height=\"217\" \/><\/a><a title=\"Le square Charles Sarazin\" href=\"https:\/\/bonnesadressesremoises.fr\/index.php\/square-charles-sarazin-reims\/\"><img loading=\"lazy\" decoding=\"async\" class=\"alignnone size-full wp-image-3703\" style=\"margin-left: -11px; border: 0px;\" title=\"Square Charles Sarazin\" src=\"https:\/\/bonnesadressesremoises.fr\/wp-content\/uploads\/2013\/04\/square-sarazin-vignette.png\" alt=\"\" width=\"217\" height=\"217\" \/><\/a><a title=\"Le parc de la Cure d\u2019Air\" href=\"https:\/\/bonnesadressesremoises.fr\/index.php\/parc-cure-air-reims\/\"><img loading=\"lazy\" decoding=\"async\" class=\"alignnone size-full wp-image-3700\" style=\"margin-left: -15px; margin-right: -35px; border: 0px;\" title=\"Parc de la Cure d'Air\" src=\"https:\/\/bonnesadressesremoises.fr\/wp-content\/uploads\/2013\/04\/parc-cure-air-vignette.png\" alt=\"\" width=\"213\" height=\"218\" \/><\/a><a title=\"Le parc L\u00e9o Lagrange\" href=\"https:\/\/bonnesadressesremoises.fr\/index.php\/parc-leo-lagrange-reims\/\"><img loading=\"lazy\" decoding=\"async\" class=\"alignnone size-full wp-image-4751\" style=\"border: 0px; margin-right: -10px; margin-left: -25px; margin-top: -30px;\" title=\"Parc L\u00e9o Lagrange\" src=\"https:\/\/bonnesadressesremoises.fr\/wp-content\/uploads\/2013\/04\/parc-leo-lagrange-vignette.png\" alt=\"Parc L\u00e9o Lagrange\" width=\"219\" height=\"212\" \/><\/a><a title=\"Le parc Saint-John Perse\" href=\"https:\/\/bonnesadressesremoises.fr\/index.php\/parc-st-john-perse-reims\/\"><img loading=\"lazy\" decoding=\"async\" class=\"alignnone size-full wp-image-3832\" style=\"margin-left: -12px; border: 0px; margin-top: -19px;\" title=\"Parc Saint-John Perse\" src=\"https:\/\/bonnesadressesremoises.fr\/wp-content\/uploads\/2013\/04\/parc-saint-john-vignette.png\" alt=\"\" width=\"217\" height=\"217\" \/><\/a><a title=\"Le jardin d\u2019horticulture Pierre Schneiter\" href=\"https:\/\/bonnesadressesremoises.fr\/index.php\/jardin-horticulture-schneiter-reims\/\"><img loading=\"lazy\" decoding=\"async\" class=\"alignnone size-full wp-image-4857\" style=\"border: 0px; margin-left: -25px; margin-right: -40px; margin-top: -30px;\" src=\"https:\/\/bonnesadressesremoises.fr\/wp-content\/uploads\/2013\/04\/parc-schneiter-vignette.png\" alt=\"Jardin Schneiter\" width=\"219\" height=\"209\" \/><\/a><br \/>\n<a title=\"Parc de la Patte d\u2019Oie\" href=\"https:\/\/bonnesadressesremoises.fr\/index.php\/parc-patte-oie-reims\/\"><img loading=\"lazy\" decoding=\"async\" class=\"alignnone size-full wp-image-5101\" style=\"border: 0px; margin-top: -71px; margin-left: -56px;\" src=\"https:\/\/bonnesadressesremoises.fr\/wp-content\/uploads\/2013\/04\/parc-patte-oie-vignette.png\" alt=\"Parc de la Patte d'Oie\" width=\"220\" height=\"212\" \/>\u00a0<\/a><a title=\"Parc Pierre Mend\u00e8s France\" href=\"https:\/\/bonnesadressesremoises.fr\/index.php\/parc-mendes-france-reims\/\"><img loading=\"lazy\" decoding=\"async\" class=\"alignnone size-full wp-image-5853\" style=\"border: 0px;\" src=\"https:\/\/bonnesadressesremoises.fr\/wp-content\/uploads\/2013\/04\/parc-mendes-france-vignette.png\" alt=\"parc-mendes-france-vignette\" width=\"218\" height=\"212\" \/><\/a><\/p>\n<p style=\"text-align: center;\"><a href=\"https:\/\/bonnesadressesremoises.fr\/index.php\/se-promener-aux-alentours-de-reims\/\"><img loading=\"lazy\" decoding=\"async\" class=\"alignnone size-full wp-image-10738\" src=\"https:\/\/bonnesadressesremoises.fr\/wp-content\/uploads\/2016\/03\/liste-sorties-autour-de-reims.png\" alt=\"liste-sorties-autour-de-reims\" width=\"133\" height=\"58\" \/><\/a><\/p>\n<p>&nbsp;<\/p>\n","protected":false},"excerpt":{"rendered":"<p>C&rsquo;est plus de 200 hectares d&rsquo;espaces verts qui sont \u00e9parpill\u00e9s dans la ville de Reims. Pour lire l&rsquo;article d\u00e9taill\u00e9 d&rsquo;un lieu, cliquez sur sa photo : \u00a0 &nbsp;<\/p>\n","protected":false},"author":2,"featured_media":0,"parent":0,"menu_order":0,"comment_status":"closed","ping_status":"closed","template":"sidebar-page.php","meta":{"footnotes":""},"class_list":["post-3697","page","type-page","status-publish","hentry"],"yoast_head":"<!-- This site is optimized with the Yoast SEO plugin v27.3 - https:\/\/yoast.com\/product\/yoast-seo-wordpress\/ -->\n<title>Jardins et parcs de la ville # Bonnes Adresses R\u00e9moises<\/title>\n<meta name=\"description\" content=\"C&#039;est plus de 200 hectares d&#039;espaces verts qui sont \u00e9parpill\u00e9s dans la ville de Reims. On vous fait le point sur ces lieux de d\u00e9tente \u00e0 entr\u00e9e libre.\" \/>\n<meta name=\"robots\" content=\"index, follow, max-snippet:-1, max-image-preview:large, max-video-preview:-1\" \/>\n<link rel=\"canonical\" href=\"https:\/\/bonnesadressesremoises.fr\/index.php\/jardins-et-parcs-de-la-ville-reims\/\" \/>\n<script type=\"application\/ld+json\" class=\"yoast-schema-graph\">{\"@context\":\"https:\\\/\\\/schema.org\",\"@graph\":[{\"@type\":\"WebPage\",\"@id\":\"https:\\\/\\\/bonnesadressesremoises.fr\\\/index.php\\\/jardins-et-parcs-de-la-ville-reims\\\/\",\"url\":\"https:\\\/\\\/bonnesadressesremoises.fr\\\/index.php\\\/jardins-et-parcs-de-la-ville-reims\\\/\",\"name\":\"Jardins et parcs de la ville # Bonnes Adresses R\u00e9moises\",\"isPartOf\":{\"@id\":\"https:\\\/\\\/bonnesadressesremoises.fr\\\/#website\"},\"primaryImageOfPage\":{\"@id\":\"https:\\\/\\\/bonnesadressesremoises.fr\\\/index.php\\\/jardins-et-parcs-de-la-ville-reims\\\/#primaryimage\"},\"image\":{\"@id\":\"https:\\\/\\\/bonnesadressesremoises.fr\\\/index.php\\\/jardins-et-parcs-de-la-ville-reims\\\/#primaryimage\"},\"thumbnailUrl\":\"https:\\\/\\\/bonnesadressesremoises.fr\\\/wp-content\\\/uploads\\\/2013\\\/04\\\/parc-st-remi-vignette.png\",\"datePublished\":\"2013-04-22T12:50:56+00:00\",\"dateModified\":\"2016-03-23T15:21:00+00:00\",\"description\":\"C'est plus de 200 hectares d'espaces verts qui sont \u00e9parpill\u00e9s dans la ville de Reims. On vous fait le point sur ces lieux de d\u00e9tente \u00e0 entr\u00e9e libre.\",\"breadcrumb\":{\"@id\":\"https:\\\/\\\/bonnesadressesremoises.fr\\\/index.php\\\/jardins-et-parcs-de-la-ville-reims\\\/#breadcrumb\"},\"inLanguage\":\"fr-FR\",\"potentialAction\":[{\"@type\":\"ReadAction\",\"target\":[\"https:\\\/\\\/bonnesadressesremoises.fr\\\/index.php\\\/jardins-et-parcs-de-la-ville-reims\\\/\"]}]},{\"@type\":\"ImageObject\",\"inLanguage\":\"fr-FR\",\"@id\":\"https:\\\/\\\/bonnesadressesremoises.fr\\\/index.php\\\/jardins-et-parcs-de-la-ville-reims\\\/#primaryimage\",\"url\":\"https:\\\/\\\/bonnesadressesremoises.fr\\\/wp-content\\\/uploads\\\/2013\\\/04\\\/parc-st-remi-vignette.png\",\"contentUrl\":\"https:\\\/\\\/bonnesadressesremoises.fr\\\/wp-content\\\/uploads\\\/2013\\\/04\\\/parc-st-remi-vignette.png\",\"width\":\"217\",\"height\":\"207\"},{\"@type\":\"BreadcrumbList\",\"@id\":\"https:\\\/\\\/bonnesadressesremoises.fr\\\/index.php\\\/jardins-et-parcs-de-la-ville-reims\\\/#breadcrumb\",\"itemListElement\":[{\"@type\":\"ListItem\",\"position\":1,\"name\":\"Home\",\"item\":\"https:\\\/\\\/bonnesadressesremoises.fr\\\/\"},{\"@type\":\"ListItem\",\"position\":2,\"name\":\"Jardins et parcs de la ville\"}]},{\"@type\":\"WebSite\",\"@id\":\"https:\\\/\\\/bonnesadressesremoises.fr\\\/#website\",\"url\":\"https:\\\/\\\/bonnesadressesremoises.fr\\\/\",\"name\":\"Bonnes Adresses R\u00e9moises\",\"description\":\"Des bonnes adresses sur Reims!\",\"potentialAction\":[{\"@type\":\"SearchAction\",\"target\":{\"@type\":\"EntryPoint\",\"urlTemplate\":\"https:\\\/\\\/bonnesadressesremoises.fr\\\/?s={search_term_string}\"},\"query-input\":{\"@type\":\"PropertyValueSpecification\",\"valueRequired\":true,\"valueName\":\"search_term_string\"}}],\"inLanguage\":\"fr-FR\"}]}<\/script>\n<!-- \/ Yoast SEO plugin. -->","yoast_head_json":{"title":"Jardins et parcs de la ville # Bonnes Adresses R\u00e9moises","description":"C'est plus de 200 hectares d'espaces verts qui sont \u00e9parpill\u00e9s dans la ville de Reims. On vous fait le point sur ces lieux de d\u00e9tente \u00e0 entr\u00e9e libre.","robots":{"index":"index","follow":"follow","max-snippet":"max-snippet:-1","max-image-preview":"max-image-preview:large","max-video-preview":"max-video-preview:-1"},"canonical":"https:\/\/bonnesadressesremoises.fr\/index.php\/jardins-et-parcs-de-la-ville-reims\/","schema":{"@context":"https:\/\/schema.org","@graph":[{"@type":"WebPage","@id":"https:\/\/bonnesadressesremoises.fr\/index.php\/jardins-et-parcs-de-la-ville-reims\/","url":"https:\/\/bonnesadressesremoises.fr\/index.php\/jardins-et-parcs-de-la-ville-reims\/","name":"Jardins et parcs de la ville # Bonnes Adresses R\u00e9moises","isPartOf":{"@id":"https:\/\/bonnesadressesremoises.fr\/#website"},"primaryImageOfPage":{"@id":"https:\/\/bonnesadressesremoises.fr\/index.php\/jardins-et-parcs-de-la-ville-reims\/#primaryimage"},"image":{"@id":"https:\/\/bonnesadressesremoises.fr\/index.php\/jardins-et-parcs-de-la-ville-reims\/#primaryimage"},"thumbnailUrl":"https:\/\/bonnesadressesremoises.fr\/wp-content\/uploads\/2013\/04\/parc-st-remi-vignette.png","datePublished":"2013-04-22T12:50:56+00:00","dateModified":"2016-03-23T15:21:00+00:00","description":"C'est plus de 200 hectares d'espaces verts qui sont \u00e9parpill\u00e9s dans la ville de Reims. On vous fait le point sur ces lieux de d\u00e9tente \u00e0 entr\u00e9e libre.","breadcrumb":{"@id":"https:\/\/bonnesadressesremoises.fr\/index.php\/jardins-et-parcs-de-la-ville-reims\/#breadcrumb"},"inLanguage":"fr-FR","potentialAction":[{"@type":"ReadAction","target":["https:\/\/bonnesadressesremoises.fr\/index.php\/jardins-et-parcs-de-la-ville-reims\/"]}]},{"@type":"ImageObject","inLanguage":"fr-FR","@id":"https:\/\/bonnesadressesremoises.fr\/index.php\/jardins-et-parcs-de-la-ville-reims\/#primaryimage","url":"https:\/\/bonnesadressesremoises.fr\/wp-content\/uploads\/2013\/04\/parc-st-remi-vignette.png","contentUrl":"https:\/\/bonnesadressesremoises.fr\/wp-content\/uploads\/2013\/04\/parc-st-remi-vignette.png","width":"217","height":"207"},{"@type":"BreadcrumbList","@id":"https:\/\/bonnesadressesremoises.fr\/index.php\/jardins-et-parcs-de-la-ville-reims\/#breadcrumb","itemListElement":[{"@type":"ListItem","position":1,"name":"Home","item":"https:\/\/bonnesadressesremoises.fr\/"},{"@type":"ListItem","position":2,"name":"Jardins et parcs de la ville"}]},{"@type":"WebSite","@id":"https:\/\/bonnesadressesremoises.fr\/#website","url":"https:\/\/bonnesadressesremoises.fr\/","name":"Bonnes Adresses R\u00e9moises","description":"Des bonnes adresses sur Reims!","potentialAction":[{"@type":"SearchAction","target":{"@type":"EntryPoint","urlTemplate":"https:\/\/bonnesadressesremoises.fr\/?s={search_term_string}"},"query-input":{"@type":"PropertyValueSpecification","valueRequired":true,"valueName":"search_term_string"}}],"inLanguage":"fr-FR"}]}},"_links":{"self":[{"href":"https:\/\/bonnesadressesremoises.fr\/index.php\/wp-json\/wp\/v2\/pages\/3697","targetHints":{"allow":["GET"]}}],"collection":[{"href":"https:\/\/bonnesadressesremoises.fr\/index.php\/wp-json\/wp\/v2\/pages"}],"about":[{"href":"https:\/\/bonnesadressesremoises.fr\/index.php\/wp-json\/wp\/v2\/types\/page"}],"author":[{"embeddable":true,"href":"https:\/\/bonnesadressesremoises.fr\/index.php\/wp-json\/wp\/v2\/users\/2"}],"replies":[{"embeddable":true,"href":"https:\/\/bonnesadressesremoises.fr\/index.php\/wp-json\/wp\/v2\/comments?post=3697"}],"version-history":[{"count":0,"href":"https:\/\/bonnesadressesremoises.fr\/index.php\/wp-json\/wp\/v2\/pages\/3697\/revisions"}],"wp:attachment":[{"href":"https:\/\/bonnesadressesremoises.fr\/index.php\/wp-json\/wp\/v2\/media?parent=3697"}],"curies":[{"name":"wp","href":"https:\/\/api.w.org\/{rel}","templated":true}]}}