{"id":4839,"date":"2013-11-01T13:37:51","date_gmt":"2013-11-01T11:37:51","guid":{"rendered":"http:\/\/bonnesadressesremoises.fr\/?page_id=4839"},"modified":"2019-02-10T12:48:05","modified_gmt":"2019-02-10T10:48:05","slug":"adresses-champagne","status":"publish","type":"page","link":"https:\/\/bonnesadressesremoises.fr\/index.php\/adresses-champagne\/","title":{"rendered":"Champagne : notre s\u00e9lection d&rsquo;adresses"},"content":{"rendered":"<p><img loading=\"lazy\" decoding=\"async\" class=\"alignleft size-full wp-image-7546\" src=\"https:\/\/bonnesadressesremoises.fr\/wp-content\/uploads\/2013\/11\/carte-vignes-champagne.jpg\" alt=\"Carte de la Champagne Viticole\" width=\"680\" height=\"325\" srcset=\"https:\/\/bonnesadressesremoises.fr\/wp-content\/uploads\/2013\/11\/carte-vignes-champagne.jpg 680w, https:\/\/bonnesadressesremoises.fr\/wp-content\/uploads\/2013\/11\/carte-vignes-champagne-500x238.jpg 500w\" sizes=\"auto, (max-width: 680px) 100vw, 680px\" \/><br \/>\nLe Champagne est une boisson synonyme de f\u00eate. C&rsquo;est un vin effervescent \u00e0 l&rsquo;appellation d&rsquo;origine contr\u00f4l\u00e9e, cependant, on trouve de tout et il n&rsquo;est pas \u00e9vident de faire son choix parmi les 5000 adresses possibles (vignerons ind\u00e9pendants, coop\u00e9ratives et maisons de champagne).<\/p>\n<p><!--more--><\/p>\n<p><img loading=\"lazy\" decoding=\"async\" class=\"size-full wp-image-4895 alignleft\" style=\"border: 0px; margin-left: -30px; margin-right: -40px;\" src=\"https:\/\/bonnesadressesremoises.fr\/wp-content\/uploads\/2013\/11\/selection-adresses-champagne.png\" alt=\"S\u00e9lection Champagne\" width=\"324\" height=\"144\" \/><\/p>\n<p><span style=\"color: #ffffff;\">bonnes adresses de vignerons de champagne<br \/>\n<\/span>Apr\u00e8s avoir multipli\u00e9 les d\u00e9gustations (il faut avouer qu&rsquo;en tant que champenois, on n&rsquo;attend pas les c\u00e9l\u00e9brations pour ouvrir une bouteille), voici une s\u00e9lection de <strong>\u00ab\u00a0Bonnes Adresses\u00a0\u00bb<\/strong> qui nous ont convaincus :<br \/>\n<span style=\"color: #ffffff;\">o\u00f9 acheter son champagne \u00e0 la propri\u00e9t\u00e9 reims et alentours<br \/>\n<\/span><span style=\"color: #ff6600;\"><strong>Domaines de Champagne \u00e0 d\u00e9couvrir <\/strong><em>(cliquez sur les noms pour en savoir plus)<\/em>\u00a0:<\/span><\/p>\n<table border=\"\">\n<tbody>\n<tr>\n<td style=\"text-align: center;\" width=\"50%\"><strong><a title=\"Champagne St\u00e9phane Herbert \u00e0 Rilly\" href=\"https:\/\/bonnesadressesremoises.fr\/index.php\/champagne-stephane-herbert\/\">St\u00e9phane Herbert <\/a><\/strong><span style=\"color: #ff9900;\">(Rilly)<span style=\"color: #800000;\"><span style=\"color: #993300;\"> (\u20ac\u20ac)<\/span> <span style=\"color: #ff9900;\">VD<\/span><\/span><br \/>\n<\/span><a href=\"https:\/\/bonnesadressesremoises.fr\/index.php\/champagne-jean-pierre-gauvain\/\"><strong>Jean-Pierre Gauvain <\/strong><\/a><span style=\"color: #ff9900;\">(Hautvillers) <span style=\"color: #800000;\"><span style=\"color: #993300;\">(\u20ac)<\/span> <span style=\"color: #ff9900;\">VD<\/span><\/span><\/span><strong><br \/>\n<a href=\"https:\/\/bonnesadressesremoises.fr\/index.php\/champagne-faniel-fils\/\">Faniel &amp; Fils<\/a> <\/strong><span style=\"color: #ff9900;\">(Cormoyeux) <span style=\"color: #800000;\"><span style=\"color: #993300;\">(\u20ac\u20ac)<\/span><\/span><\/span><strong><a title=\"Champagne St\u00e9phane Herbert \u00e0 Rilly\" href=\"https:\/\/bonnesadressesremoises.fr\/index.php\/champagne-stephane-herbert\/\"><br \/>\n<\/a><a title=\"Champagne Lacourte-Godbillon\" href=\"https:\/\/bonnesadressesremoises.fr\/index.php\/champagne-lacourte-godbillon\/\">Lacourte-Godbillon <\/a><\/strong><span style=\"color: #ff9900;\">(Ecueil) <span style=\"color: #800000;\"><span style=\"color: #993300;\">(\u20ac\u20ac\u20ac)<\/span> <span style=\"color: #ff9900;\">AB<\/span><\/span><\/span><strong><a title=\"Champagne Lacourte-Godbillon\" href=\"https:\/\/bonnesadressesremoises.fr\/index.php\/champagne-lacourte-godbillon\/\"><br \/>\n<\/a><a href=\"https:\/\/bonnesadressesremoises.fr\/index.php\/champagne-margaine\/\">Margaine <\/a><\/strong><span style=\"color: #ff9900;\">(Villers-Marmery)<span style=\"color: #993300;\"> (\u20ac\u20ac)<\/span><\/span><\/td>\n<td style=\"text-align: center;\"><strong><a title=\"Domaine Michel Lenique\" href=\"https:\/\/bonnesadressesremoises.fr\/index.php\/domaine-michel-lenique\/\">Michel Lenique <\/a><\/strong><span style=\"color: #ff9900;\">(Pierry) <span style=\"color: #993300;\">(\u20ac\u20ac)<\/span><\/span><br \/>\n<strong><a title=\"Champagne Nowack \u00e0 Vandi\u00e8res\" href=\"https:\/\/bonnesadressesremoises.fr\/index.php\/champagne-nowack-a-vandieres\/\">Nowack <\/a><\/strong><span style=\"color: #ff9900;\">(Vandi\u00e8res)<span style=\"color: #993300;\"> (\u20ac\u20ac)<\/span><\/span><strong><a title=\"Champagne Nowack \u00e0 Vandi\u00e8res\" href=\"https:\/\/bonnesadressesremoises.fr\/index.php\/champagne-nowack-a-vandieres\/\"><br \/>\n<\/a><a href=\"https:\/\/bonnesadressesremoises.fr\/index.php\/champagne-francois-seconde\/\">Fran\u00e7ois Second\u00e9 <\/a><\/strong><span style=\"color: #ff9900;\">(Sillery) <span style=\"color: #993300;\">(\u20ac\u20ac)<\/span><\/span><br \/>\n<strong><a title=\"Champagne Houssart \u00e0 Chamery\" href=\"https:\/\/bonnesadressesremoises.fr\/index.php\/champagne-houssart-chamery\/\">Houssart <\/a><\/strong><span style=\"color: #ff9900;\">(Chamery) <span style=\"color: #993300;\">(\u20ac)<\/span><\/span><strong><a title=\"Champagne Houssart \u00e0 Chamery\" href=\"https:\/\/bonnesadressesremoises.fr\/index.php\/champagne-houssart-chamery\/\"><br \/>\n<\/a><\/strong><\/td>\n<\/tr>\n<\/tbody>\n<\/table>\n<p style=\"font-size: 75%;\"><span style=\"color: #ff6600;\"><span style=\"text-decoration: underline;\">L\u00e9gendes<\/span> : \u20ac moins de 15\u20ac la bouteille \/ \u20ac\u20ac entre 15\u20ac et 20\u20ac la bouteille \/ \u20ac\u20ac\u20ac plus de 20\u20ac la bouteille \/ AR agriculture raisonn\u00e9e \/ VD viticulture durable \/ HVE haute valeur environnementale \/ AB agriculture biologique \/ BD biodynamie<\/span><\/p>\n<p>Etablir une liste r\u00e9duite de bonnes adresses de vignerons est un exercice plut\u00f4t \u00e9pineux car faire le tour des r\u00e9coltants et maisons de champagne nous prendrait juste une dizaine d&rsquo;ann\u00e9es \u00e0 raison d&rsquo;une adresse par jour!<\/p>\n<p>Parmi notre liste \u00e9troite de vignerons, vous trouverez des r\u00e9coltants manipulants qui n&rsquo;ont pas la notori\u00e9t\u00e9 des propri\u00e9t\u00e9s les plus connues alors que\u00a0la qualit\u00e9 de leurs vins est tr\u00e8s bonne. Ces domaines ont par cons\u00e9quent du champagne \u00e0 vendre en direct \u00e0 la propri\u00e9t\u00e9 \u00e0 un prix raisonnable. La qualit\u00e9 n&rsquo;est pas le seul crit\u00e8re, l&rsquo;accueil est aussi tr\u00e8s important lors d&rsquo;un achat au domaine. L&rsquo;achat est pr\u00e9c\u00e9d\u00e9 par une d\u00e9gustation pour laquelle il est important de se sentir \u00e0 l&rsquo;aise.<\/p>\n<p><img loading=\"lazy\" decoding=\"async\" class=\"alignnone size-full wp-image-8398\" src=\"https:\/\/bonnesadressesremoises.fr\/wp-content\/uploads\/2013\/11\/champagne.jpg\" alt=\"champagne\" width=\"560\" height=\"491\" srcset=\"https:\/\/bonnesadressesremoises.fr\/wp-content\/uploads\/2013\/11\/champagne.jpg 560w, https:\/\/bonnesadressesremoises.fr\/wp-content\/uploads\/2013\/11\/champagne-342x300.jpg 342w\" sizes=\"auto, (max-width: 560px) 100vw, 560px\" \/><\/p>\n<p><strong><span style=\"text-decoration: underline;\">Quelques pistes suppl\u00e9mentaires<\/span> :<\/strong><\/p>\n<p><strong>&#8211; Pour les touristes qui sont dans le centre de Reims, vous pouvez vous rendre chez un (bon) caviste r\u00e9mois ! Nous avons list\u00e9 les <a href=\"https:\/\/bonnesadressesremoises.fr\/index.php\/ou-acheter-champagne-a-reims\/\">adresses de cavistes<\/a>\u00a0avec une s\u00e9lection convaincante de champagnes.<\/strong><\/p>\n<p>&#8211; Nous demandons aux cavistes r\u00e9mois que nous appr\u00e9cions les vignerons qu&rsquo;ils aiment et allons \u00e0 leur rencontre. D\u00e9couvrez <a title=\"Champagne : les \u201cchouchous\u201d des cavistes\" href=\"https:\/\/bonnesadressesremoises.fr\/index.php\/champagne-chouchous-des-cavistes\/\">les chouchous de nos cavistes<\/a> !<\/p>\n<p>&#8211; Nous avons \u00e9crit un <a title=\"Quel champagne choisir pour son mariage?\" href=\"https:\/\/bonnesadressesremoises.fr\/index.php\/quel-champagne-choisir-pour-son-mariage\/\">article pour conseiller les futurs mari\u00e9s \u00e0 choisir leur champagne<\/a>.<\/p>\n<p>&#8211; Cuv\u00e9es d&rsquo;exception : <a title=\"Cuv\u00e9e d\u2019exception : Domaine St\u00e9phane Herbert \u2013 Mill\u00e9sime 2009\" href=\"https:\/\/bonnesadressesremoises.fr\/index.php\/champagne-stephane-herbert-millesime-2009\/\">Mill\u00e9sime 2009 de St\u00e9phane Herbert<\/a><\/p>\n<p><strong>Bonnes d\u00e9gustations !<\/strong><\/p>\n<p style=\"text-align: center;\"><a title=\"Produits locaux \u00e0 d\u00e9guster\" href=\"https:\/\/bonnesadressesremoises.fr\/index.php\/produits-locaux-a-deguster\/\"><img loading=\"lazy\" decoding=\"async\" class=\" size-full wp-image-7978 aligncenter\" style=\"border: 0px;\" src=\"https:\/\/bonnesadressesremoises.fr\/wp-content\/uploads\/2014\/04\/produits-locaux.png\" alt=\"produits-locaux\" width=\"140\" height=\"103\" \/><\/a><\/p>\n","protected":false},"excerpt":{"rendered":"<p>Le Champagne est une boisson synonyme de f\u00eate. C&rsquo;est un vin effervescent \u00e0 l&rsquo;appellation d&rsquo;origine contr\u00f4l\u00e9e, cependant, on trouve de tout et il n&rsquo;est pas \u00e9vident de faire son choix parmi les 5000 adresses possibles (vignerons ind\u00e9pendants, coop\u00e9ratives et maisons &hellip; <a href=\"https:\/\/bonnesadressesremoises.fr\/index.php\/adresses-champagne\/\">Continuer la lecture <span class=\"meta-nav\">&rarr;<\/span><\/a><\/p>\n","protected":false},"author":2,"featured_media":9906,"parent":0,"menu_order":0,"comment_status":"closed","ping_status":"closed","template":"sidebar-page.php","meta":{"footnotes":""},"class_list":["post-4839","page","type-page","status-publish","has-post-thumbnail","hentry"],"yoast_head":"<!-- This site is optimized with the Yoast SEO plugin v27.3 - https:\/\/yoast.com\/product\/yoast-seo-wordpress\/ -->\n<title>Champagne : notre s\u00e9lection d&#039;adresses # Bonnes Adresses R\u00e9moises<\/title>\n<meta name=\"description\" content=\"O\u00f9 acheter son Champagne ? L&#039;offre est si importante qu&#039;on s&#039;y perd. Conseils de champenois avec une s\u00e9lection de bonnes adresses qui les ont convaincu.\" \/>\n<meta name=\"robots\" content=\"index, follow, max-snippet:-1, max-image-preview:large, max-video-preview:-1\" \/>\n<link rel=\"canonical\" href=\"https:\/\/bonnesadressesremoises.fr\/index.php\/adresses-champagne\/\" \/>\n<meta name=\"twitter:label1\" content=\"Dur\u00e9e de lecture estim\u00e9e\" \/>\n\t<meta name=\"twitter:data1\" content=\"2 minutes\" \/>\n<script type=\"application\/ld+json\" class=\"yoast-schema-graph\">{\"@context\":\"https:\\\/\\\/schema.org\",\"@graph\":[{\"@type\":\"WebPage\",\"@id\":\"https:\\\/\\\/bonnesadressesremoises.fr\\\/index.php\\\/adresses-champagne\\\/\",\"url\":\"https:\\\/\\\/bonnesadressesremoises.fr\\\/index.php\\\/adresses-champagne\\\/\",\"name\":\"Champagne : notre s\u00e9lection d'adresses # Bonnes Adresses R\u00e9moises\",\"isPartOf\":{\"@id\":\"https:\\\/\\\/bonnesadressesremoises.fr\\\/#website\"},\"primaryImageOfPage\":{\"@id\":\"https:\\\/\\\/bonnesadressesremoises.fr\\\/index.php\\\/adresses-champagne\\\/#primaryimage\"},\"image\":{\"@id\":\"https:\\\/\\\/bonnesadressesremoises.fr\\\/index.php\\\/adresses-champagne\\\/#primaryimage\"},\"thumbnailUrl\":\"https:\\\/\\\/bonnesadressesremoises.fr\\\/wp-content\\\/uploads\\\/2015\\\/11\\\/pour-acheter-son-champagne.jpg\",\"datePublished\":\"2013-11-01T11:37:51+00:00\",\"dateModified\":\"2019-02-10T10:48:05+00:00\",\"description\":\"O\u00f9 acheter son Champagne ? L'offre est si importante qu'on s'y perd. Conseils de champenois avec une s\u00e9lection de bonnes adresses qui les ont convaincu.\",\"breadcrumb\":{\"@id\":\"https:\\\/\\\/bonnesadressesremoises.fr\\\/index.php\\\/adresses-champagne\\\/#breadcrumb\"},\"inLanguage\":\"fr-FR\",\"potentialAction\":[{\"@type\":\"ReadAction\",\"target\":[\"https:\\\/\\\/bonnesadressesremoises.fr\\\/index.php\\\/adresses-champagne\\\/\"]}]},{\"@type\":\"ImageObject\",\"inLanguage\":\"fr-FR\",\"@id\":\"https:\\\/\\\/bonnesadressesremoises.fr\\\/index.php\\\/adresses-champagne\\\/#primaryimage\",\"url\":\"https:\\\/\\\/bonnesadressesremoises.fr\\\/wp-content\\\/uploads\\\/2015\\\/11\\\/pour-acheter-son-champagne.jpg\",\"contentUrl\":\"https:\\\/\\\/bonnesadressesremoises.fr\\\/wp-content\\\/uploads\\\/2015\\\/11\\\/pour-acheter-son-champagne.jpg\",\"width\":1000,\"height\":215},{\"@type\":\"BreadcrumbList\",\"@id\":\"https:\\\/\\\/bonnesadressesremoises.fr\\\/index.php\\\/adresses-champagne\\\/#breadcrumb\",\"itemListElement\":[{\"@type\":\"ListItem\",\"position\":1,\"name\":\"Home\",\"item\":\"https:\\\/\\\/bonnesadressesremoises.fr\\\/\"},{\"@type\":\"ListItem\",\"position\":2,\"name\":\"Champagne : notre s\u00e9lection d&rsquo;adresses\"}]},{\"@type\":\"WebSite\",\"@id\":\"https:\\\/\\\/bonnesadressesremoises.fr\\\/#website\",\"url\":\"https:\\\/\\\/bonnesadressesremoises.fr\\\/\",\"name\":\"Bonnes Adresses R\u00e9moises\",\"description\":\"Des bonnes adresses sur Reims!\",\"potentialAction\":[{\"@type\":\"SearchAction\",\"target\":{\"@type\":\"EntryPoint\",\"urlTemplate\":\"https:\\\/\\\/bonnesadressesremoises.fr\\\/?s={search_term_string}\"},\"query-input\":{\"@type\":\"PropertyValueSpecification\",\"valueRequired\":true,\"valueName\":\"search_term_string\"}}],\"inLanguage\":\"fr-FR\"}]}<\/script>\n<!-- \/ Yoast SEO plugin. -->","yoast_head_json":{"title":"Champagne : notre s\u00e9lection d'adresses # Bonnes Adresses R\u00e9moises","description":"O\u00f9 acheter son Champagne ? L'offre est si importante qu'on s'y perd. Conseils de champenois avec une s\u00e9lection de bonnes adresses qui les ont convaincu.","robots":{"index":"index","follow":"follow","max-snippet":"max-snippet:-1","max-image-preview":"max-image-preview:large","max-video-preview":"max-video-preview:-1"},"canonical":"https:\/\/bonnesadressesremoises.fr\/index.php\/adresses-champagne\/","twitter_misc":{"Dur\u00e9e de lecture estim\u00e9e":"2 minutes"},"schema":{"@context":"https:\/\/schema.org","@graph":[{"@type":"WebPage","@id":"https:\/\/bonnesadressesremoises.fr\/index.php\/adresses-champagne\/","url":"https:\/\/bonnesadressesremoises.fr\/index.php\/adresses-champagne\/","name":"Champagne : notre s\u00e9lection d'adresses # Bonnes Adresses R\u00e9moises","isPartOf":{"@id":"https:\/\/bonnesadressesremoises.fr\/#website"},"primaryImageOfPage":{"@id":"https:\/\/bonnesadressesremoises.fr\/index.php\/adresses-champagne\/#primaryimage"},"image":{"@id":"https:\/\/bonnesadressesremoises.fr\/index.php\/adresses-champagne\/#primaryimage"},"thumbnailUrl":"https:\/\/bonnesadressesremoises.fr\/wp-content\/uploads\/2015\/11\/pour-acheter-son-champagne.jpg","datePublished":"2013-11-01T11:37:51+00:00","dateModified":"2019-02-10T10:48:05+00:00","description":"O\u00f9 acheter son Champagne ? L'offre est si importante qu'on s'y perd. Conseils de champenois avec une s\u00e9lection de bonnes adresses qui les ont convaincu.","breadcrumb":{"@id":"https:\/\/bonnesadressesremoises.fr\/index.php\/adresses-champagne\/#breadcrumb"},"inLanguage":"fr-FR","potentialAction":[{"@type":"ReadAction","target":["https:\/\/bonnesadressesremoises.fr\/index.php\/adresses-champagne\/"]}]},{"@type":"ImageObject","inLanguage":"fr-FR","@id":"https:\/\/bonnesadressesremoises.fr\/index.php\/adresses-champagne\/#primaryimage","url":"https:\/\/bonnesadressesremoises.fr\/wp-content\/uploads\/2015\/11\/pour-acheter-son-champagne.jpg","contentUrl":"https:\/\/bonnesadressesremoises.fr\/wp-content\/uploads\/2015\/11\/pour-acheter-son-champagne.jpg","width":1000,"height":215},{"@type":"BreadcrumbList","@id":"https:\/\/bonnesadressesremoises.fr\/index.php\/adresses-champagne\/#breadcrumb","itemListElement":[{"@type":"ListItem","position":1,"name":"Home","item":"https:\/\/bonnesadressesremoises.fr\/"},{"@type":"ListItem","position":2,"name":"Champagne : notre s\u00e9lection d&rsquo;adresses"}]},{"@type":"WebSite","@id":"https:\/\/bonnesadressesremoises.fr\/#website","url":"https:\/\/bonnesadressesremoises.fr\/","name":"Bonnes Adresses R\u00e9moises","description":"Des bonnes adresses sur Reims!","potentialAction":[{"@type":"SearchAction","target":{"@type":"EntryPoint","urlTemplate":"https:\/\/bonnesadressesremoises.fr\/?s={search_term_string}"},"query-input":{"@type":"PropertyValueSpecification","valueRequired":true,"valueName":"search_term_string"}}],"inLanguage":"fr-FR"}]}},"_links":{"self":[{"href":"https:\/\/bonnesadressesremoises.fr\/index.php\/wp-json\/wp\/v2\/pages\/4839","targetHints":{"allow":["GET"]}}],"collection":[{"href":"https:\/\/bonnesadressesremoises.fr\/index.php\/wp-json\/wp\/v2\/pages"}],"about":[{"href":"https:\/\/bonnesadressesremoises.fr\/index.php\/wp-json\/wp\/v2\/types\/page"}],"author":[{"embeddable":true,"href":"https:\/\/bonnesadressesremoises.fr\/index.php\/wp-json\/wp\/v2\/users\/2"}],"replies":[{"embeddable":true,"href":"https:\/\/bonnesadressesremoises.fr\/index.php\/wp-json\/wp\/v2\/comments?post=4839"}],"version-history":[{"count":12,"href":"https:\/\/bonnesadressesremoises.fr\/index.php\/wp-json\/wp\/v2\/pages\/4839\/revisions"}],"predecessor-version":[{"id":11830,"href":"https:\/\/bonnesadressesremoises.fr\/index.php\/wp-json\/wp\/v2\/pages\/4839\/revisions\/11830"}],"wp:featuredmedia":[{"embeddable":true,"href":"https:\/\/bonnesadressesremoises.fr\/index.php\/wp-json\/wp\/v2\/media\/9906"}],"wp:attachment":[{"href":"https:\/\/bonnesadressesremoises.fr\/index.php\/wp-json\/wp\/v2\/media?parent=4839"}],"curies":[{"name":"wp","href":"https:\/\/api.w.org\/{rel}","templated":true}]}}