{"id":5621,"date":"2014-04-04T20:52:26","date_gmt":"2014-04-04T18:52:26","guid":{"rendered":"http:\/\/bonnesadressesremoises.fr\/?page_id=5621"},"modified":"2018-05-28T11:52:32","modified_gmt":"2018-05-28T09:52:32","slug":"se-promener-aux-alentours-de-reims","status":"publish","type":"page","link":"https:\/\/bonnesadressesremoises.fr\/index.php\/se-promener-aux-alentours-de-reims\/","title":{"rendered":"Se promener aux alentours de Reims"},"content":{"rendered":"<p><em>Pour les balades dans Reims et son agglom\u00e9ration :\u00a0<a title=\"Se promener dans Reims\" href=\"https:\/\/bonnesadressesremoises.fr\/index.php\/se-promener\/se-promener-dans-reims\/\">c&rsquo;est ici<\/a>.<\/em><\/p>\n<p><strong>Voici des endroits sympas \u00e0 d\u00e9couvrir \u00e0 moins d&rsquo;une heure\u00a0de Reims, qu&rsquo;on a class\u00e9 en fonction du temps de trajet en voiture :<\/strong><\/p>\n<p><a title=\"La sabli\u00e8re de Ch\u00e2lons-sur-Vesle\" href=\"https:\/\/bonnesadressesremoises.fr\/index.php\/sabliere-chalons-sur-vesle\/\">Sabli\u00e8re de Ch\u00e2lons-sur-Vesle<\/a> (\u00e0 15 min)<br \/>\n<a href=\"https:\/\/bonnesadressesremoises.fr\/index.php\/bois-sabliere-berru\/\">Rando facile dans les bois de Berru<\/a> (\u00e0 15 min)<br \/>\n<a title=\"Le phare de Verzenay\" href=\"https:\/\/bonnesadressesremoises.fr\/index.php\/phare-de-verzenay-musee-vigne\/\">Phare de Verzenay et mus\u00e9e de la vigne<\/a> (\u00e0 20 min)<br \/>\n<a title=\"Ville Dommange et sa balade fleurie\" href=\"https:\/\/bonnesadressesremoises.fr\/index.php\/ville-dommange\/\">Balade fleurie de Ville Dommange<\/a> (\u00e0 20 min)<br \/>\n<a href=\"https:\/\/bonnesadressesremoises.fr\/index.php\/tonnellerie-artisanale-champagne-ardenne\/\">Visite de la Tonnellerie Artisanale de Champagne<\/a> (\u00e0 20 min)<br \/>\n<a title=\"Les Faux de Verzy\" href=\"https:\/\/bonnesadressesremoises.fr\/index.php\/faux-de-verzy\/\">Balade en for\u00eat pr\u00e8s des faux de Verzy<\/a>\u00a0\/ <a title=\"Le Perching Bar\" href=\"https:\/\/bonnesadressesremoises.fr\/index.php\/perching-bar\/\">Perching Bar<\/a> (\u00e0 25 min)<br \/>\n<a title=\"Distillerie Guillon\" href=\"https:\/\/bonnesadressesremoises.fr\/index.php\/distillerie-guillon\/\">Distillerie Guillon<\/a> \u00a0(\u00e0 25 min)<br \/>\n<a title=\"Les attractions d\u2019\u00e9t\u00e9 de Grinyland\" href=\"https:\/\/bonnesadressesremoises.fr\/index.php\/attractions-grinyland-sept-saulx\/\">Parc nature et loisirs de Sept-Saulx : Grinyland<\/a> (\u00e0 25 min)<br \/>\n<a title=\"Les Escargots des Grands Crus\" href=\"https:\/\/bonnesadressesremoises.fr\/index.php\/escargots-des-grands-crus-bouzy\/\">L&rsquo;Escargot des Grands Crus (visite de l&rsquo;\u00e9levage)<\/a>\u00a0(\u00e0 25 min)<br \/>\n<a title=\"La Cave aux Coquillages de Fleury la Rivi\u00e8re\" href=\"https:\/\/bonnesadressesremoises.fr\/index.php\/cave-aux-coquillages-fleury-la-riviere\/\">La Cave aux Coquillages<\/a> (\u00e0 30 min)<br \/>\n<a title=\"La Cav\u2019o Truffes de Champagne\" href=\"https:\/\/bonnesadressesremoises.fr\/index.php\/cave-aux-truffes-de-champagne\/\">La Cav&rsquo;O Truffes<\/a> (\u00e0 30 min)<br \/>\n<a title=\"La statue du pape Urbain II \u00e0 Ch\u00e2tillon\" href=\"https:\/\/bonnesadressesremoises.fr\/index.php\/statue-pape-urbain-chatillon\/\">Ch\u00e2tillon-sur-Marne et la statue du pape Urbain II<\/a> (\u00e0 35min)<br \/>\n<a title=\"La ferme aux oiseaux exotiques\" href=\"https:\/\/bonnesadressesremoises.fr\/index.php\/ferme-oiseaux-exotiques-athis\/\">Ferme aux oiseaux exotiques d&rsquo;Athis<\/a> (\u00e0 40 min)<br \/>\n<a title=\"Le jardin humide de Chouilly\" href=\"https:\/\/bonnesadressesremoises.fr\/index.php\/jardin-humide-chouilly\/\">Jardin humide de Chouilly<\/a> (\u00e0 40 min)<br \/>\n<a href=\"https:\/\/bonnesadressesremoises.fr\/index.php\/le-jardin-des-vignes\/\">Jardin de Vignes \u00e0 Chouilly<\/a> (\u00e0 40 min)<br \/>\n<a href=\"https:\/\/bonnesadressesremoises.fr\/index.php\/mutigny-sentier-vigneron\/\">Le Sentier du Vigneron \u00e0 Mutigny<\/a> (\u00e0 40 min)<br \/>\n<a title=\"Les ruines du ch\u00e2teau de F\u00e8re-en-Tardenois\" href=\"https:\/\/bonnesadressesremoises.fr\/index.php\/ruines-chateau-fere-en-tardenois\/\">Les ruines du ch\u00e2teau de F\u00e8re-en-Tardenois<\/a> (\u00e0 40 min)<br \/>\n<a title=\"Woinic, la mascotte des Ardennes\" href=\"https:\/\/bonnesadressesremoises.fr\/index.php\/woinic\/\">Woinic, le sanglier mascotte<\/a> (\u00e0 40 min)<br \/>\n<a title=\"M\u00e9morial des batailles de la Marne \u00e0 Dormans\" href=\"https:\/\/bonnesadressesremoises.fr\/index.php\/memorial-batailles-marne-dormans\/\">M\u00e9morial de Dormans<\/a> (\u00e0 45 min)<br \/>\n<a title=\"Visite des souterrains de la citadelle de Laon\" href=\"https:\/\/bonnesadressesremoises.fr\/index.php\/souterrains-citadelle-laon\/\">Souterrains de la citadelle de Laon<\/a> (\u00e0 50 min)<br \/>\n<a title=\"La Hott\u00e9e du Diable \u00e0 Coincy\" href=\"https:\/\/bonnesadressesremoises.fr\/index.php\/hottee-du-diable-coincy\/\">La Hott\u00e9e du Diable<\/a> (\u00e0 55 min)<br \/>\n<a href=\"https:\/\/bonnesadressesremoises.fr\/index.php\/ferme-pedagogique-de-liart\/\" target=\"_blank\" rel=\"noopener\">Ferme p\u00e9dagogique de Liart<\/a> (\u00e0 1h)<br \/>\n<a href=\"https:\/\/bonnesadressesremoises.fr\/index.php\/un-ane-en-ardennes\/\">Randonner dans les Ardennes avec un \u00e2ne<\/a> (\u00e0 1h)<br \/>\n<a href=\"https:\/\/bonnesadressesremoises.fr\/index.php\/parc-argonne-decouverte\/\">Parc Argonne D\u00e9couverte<\/a> (\u00e0 1h)<br \/>\n<a title=\"Les Montgolfi\u00e8res Champenoises\" href=\"https:\/\/bonnesadressesremoises.fr\/index.php\/montgolfieres-champenoises\/\">Survoler la r\u00e9gion avec les montgolfi\u00e8res champenoises<\/a><\/p>\n<p><strong>Si vous \u00eates pr\u00eats \u00e0 faire un petit peu plus d&rsquo;une heure de route, <a title=\"Se promener un peu plus loin\" href=\"https:\/\/bonnesadressesremoises.fr\/index.php\/se-promener-un-peu-plus-loin\/\">cliquez ici<\/a>\u00a0pour d&rsquo;autres id\u00e9es de sorties.<\/strong><\/p>\n<p><strong>Des lieux pour les enfants ? <a href=\"https:\/\/bonnesadressesremoises.fr\/index.php\/lieux-pour-les-enfants\/\">Cliquez ici<\/a>.\u00a0<\/strong><\/p>\n<p><strong>Visiter les caves de champagne ?\u00a0<a title=\"Visite des caves de champagne\" href=\"https:\/\/bonnesadressesremoises.fr\/index.php\/visite-caves-champagne\/\">Cliquez ici<\/a>.<\/strong><\/p>\n","protected":false},"excerpt":{"rendered":"<p>Pour les balades dans Reims et son agglom\u00e9ration :\u00a0c&rsquo;est ici. Voici des endroits sympas \u00e0 d\u00e9couvrir \u00e0 moins d&rsquo;une heure\u00a0de Reims, qu&rsquo;on a class\u00e9 en fonction du temps de trajet en voiture : Sabli\u00e8re de Ch\u00e2lons-sur-Vesle (\u00e0 15 min) Rando &hellip; <a href=\"https:\/\/bonnesadressesremoises.fr\/index.php\/se-promener-aux-alentours-de-reims\/\">Continuer la lecture <span class=\"meta-nav\">&rarr;<\/span><\/a><\/p>\n","protected":false},"author":2,"featured_media":10188,"parent":0,"menu_order":0,"comment_status":"closed","ping_status":"closed","template":"sidebar-page.php","meta":{"footnotes":""},"class_list":["post-5621","page","type-page","status-publish","has-post-thumbnail","hentry"],"yoast_head":"<!-- This site is optimized with the Yoast SEO plugin v27.4 - https:\/\/yoast.com\/product\/yoast-seo-wordpress\/ -->\n<title>Se promener aux alentours de Reims # Bonnes Adresses R\u00e9moises<\/title>\n<meta name=\"description\" content=\"Pour les balades dans Reims et son agglom\u00e9ration :\u00a0c&#039;est ici. Voici des endroits sympas \u00e0 d\u00e9couvrir \u00e0 moins d&#039;une heure\u00a0de Reims, qu&#039;on a class\u00e9 en\" \/>\n<meta name=\"robots\" content=\"index, follow, max-snippet:-1, max-image-preview:large, max-video-preview:-1\" \/>\n<link rel=\"canonical\" href=\"https:\/\/bonnesadressesremoises.fr\/index.php\/se-promener-aux-alentours-de-reims\/\" \/>\n<meta name=\"twitter:label1\" content=\"Dur\u00e9e de lecture estim\u00e9e\" \/>\n\t<meta name=\"twitter:data1\" content=\"1 minute\" \/>\n<script type=\"application\/ld+json\" class=\"yoast-schema-graph\">{\"@context\":\"https:\\\/\\\/schema.org\",\"@graph\":[{\"@type\":\"WebPage\",\"@id\":\"https:\\\/\\\/bonnesadressesremoises.fr\\\/index.php\\\/se-promener-aux-alentours-de-reims\\\/\",\"url\":\"https:\\\/\\\/bonnesadressesremoises.fr\\\/index.php\\\/se-promener-aux-alentours-de-reims\\\/\",\"name\":\"Se promener aux alentours de Reims # Bonnes Adresses R\u00e9moises\",\"isPartOf\":{\"@id\":\"https:\\\/\\\/bonnesadressesremoises.fr\\\/#website\"},\"primaryImageOfPage\":{\"@id\":\"https:\\\/\\\/bonnesadressesremoises.fr\\\/index.php\\\/se-promener-aux-alentours-de-reims\\\/#primaryimage\"},\"image\":{\"@id\":\"https:\\\/\\\/bonnesadressesremoises.fr\\\/index.php\\\/se-promener-aux-alentours-de-reims\\\/#primaryimage\"},\"thumbnailUrl\":\"https:\\\/\\\/bonnesadressesremoises.fr\\\/wp-content\\\/uploads\\\/2014\\\/04\\\/pour-se-promener-aux-alentours.jpg\",\"datePublished\":\"2014-04-04T18:52:26+00:00\",\"dateModified\":\"2018-05-28T09:52:32+00:00\",\"description\":\"Pour les balades dans Reims et son agglom\u00e9ration :\u00a0c'est ici. Voici des endroits sympas \u00e0 d\u00e9couvrir \u00e0 moins d'une heure\u00a0de Reims, qu'on a class\u00e9 en\",\"breadcrumb\":{\"@id\":\"https:\\\/\\\/bonnesadressesremoises.fr\\\/index.php\\\/se-promener-aux-alentours-de-reims\\\/#breadcrumb\"},\"inLanguage\":\"fr-FR\",\"potentialAction\":[{\"@type\":\"ReadAction\",\"target\":[\"https:\\\/\\\/bonnesadressesremoises.fr\\\/index.php\\\/se-promener-aux-alentours-de-reims\\\/\"]}]},{\"@type\":\"ImageObject\",\"inLanguage\":\"fr-FR\",\"@id\":\"https:\\\/\\\/bonnesadressesremoises.fr\\\/index.php\\\/se-promener-aux-alentours-de-reims\\\/#primaryimage\",\"url\":\"https:\\\/\\\/bonnesadressesremoises.fr\\\/wp-content\\\/uploads\\\/2014\\\/04\\\/pour-se-promener-aux-alentours.jpg\",\"contentUrl\":\"https:\\\/\\\/bonnesadressesremoises.fr\\\/wp-content\\\/uploads\\\/2014\\\/04\\\/pour-se-promener-aux-alentours.jpg\",\"width\":1000,\"height\":215},{\"@type\":\"BreadcrumbList\",\"@id\":\"https:\\\/\\\/bonnesadressesremoises.fr\\\/index.php\\\/se-promener-aux-alentours-de-reims\\\/#breadcrumb\",\"itemListElement\":[{\"@type\":\"ListItem\",\"position\":1,\"name\":\"Home\",\"item\":\"https:\\\/\\\/bonnesadressesremoises.fr\\\/\"},{\"@type\":\"ListItem\",\"position\":2,\"name\":\"Se promener aux alentours de Reims\"}]},{\"@type\":\"WebSite\",\"@id\":\"https:\\\/\\\/bonnesadressesremoises.fr\\\/#website\",\"url\":\"https:\\\/\\\/bonnesadressesremoises.fr\\\/\",\"name\":\"Bonnes Adresses R\u00e9moises\",\"description\":\"Des bonnes adresses sur Reims!\",\"potentialAction\":[{\"@type\":\"SearchAction\",\"target\":{\"@type\":\"EntryPoint\",\"urlTemplate\":\"https:\\\/\\\/bonnesadressesremoises.fr\\\/?s={search_term_string}\"},\"query-input\":{\"@type\":\"PropertyValueSpecification\",\"valueRequired\":true,\"valueName\":\"search_term_string\"}}],\"inLanguage\":\"fr-FR\"}]}<\/script>\n<!-- \/ Yoast SEO plugin. -->","yoast_head_json":{"title":"Se promener aux alentours de Reims # Bonnes Adresses R\u00e9moises","description":"Pour les balades dans Reims et son agglom\u00e9ration :\u00a0c'est ici. Voici des endroits sympas \u00e0 d\u00e9couvrir \u00e0 moins d'une heure\u00a0de Reims, qu'on a class\u00e9 en","robots":{"index":"index","follow":"follow","max-snippet":"max-snippet:-1","max-image-preview":"max-image-preview:large","max-video-preview":"max-video-preview:-1"},"canonical":"https:\/\/bonnesadressesremoises.fr\/index.php\/se-promener-aux-alentours-de-reims\/","twitter_misc":{"Dur\u00e9e de lecture estim\u00e9e":"1 minute"},"schema":{"@context":"https:\/\/schema.org","@graph":[{"@type":"WebPage","@id":"https:\/\/bonnesadressesremoises.fr\/index.php\/se-promener-aux-alentours-de-reims\/","url":"https:\/\/bonnesadressesremoises.fr\/index.php\/se-promener-aux-alentours-de-reims\/","name":"Se promener aux alentours de Reims # Bonnes Adresses R\u00e9moises","isPartOf":{"@id":"https:\/\/bonnesadressesremoises.fr\/#website"},"primaryImageOfPage":{"@id":"https:\/\/bonnesadressesremoises.fr\/index.php\/se-promener-aux-alentours-de-reims\/#primaryimage"},"image":{"@id":"https:\/\/bonnesadressesremoises.fr\/index.php\/se-promener-aux-alentours-de-reims\/#primaryimage"},"thumbnailUrl":"https:\/\/bonnesadressesremoises.fr\/wp-content\/uploads\/2014\/04\/pour-se-promener-aux-alentours.jpg","datePublished":"2014-04-04T18:52:26+00:00","dateModified":"2018-05-28T09:52:32+00:00","description":"Pour les balades dans Reims et son agglom\u00e9ration :\u00a0c'est ici. Voici des endroits sympas \u00e0 d\u00e9couvrir \u00e0 moins d'une heure\u00a0de Reims, qu'on a class\u00e9 en","breadcrumb":{"@id":"https:\/\/bonnesadressesremoises.fr\/index.php\/se-promener-aux-alentours-de-reims\/#breadcrumb"},"inLanguage":"fr-FR","potentialAction":[{"@type":"ReadAction","target":["https:\/\/bonnesadressesremoises.fr\/index.php\/se-promener-aux-alentours-de-reims\/"]}]},{"@type":"ImageObject","inLanguage":"fr-FR","@id":"https:\/\/bonnesadressesremoises.fr\/index.php\/se-promener-aux-alentours-de-reims\/#primaryimage","url":"https:\/\/bonnesadressesremoises.fr\/wp-content\/uploads\/2014\/04\/pour-se-promener-aux-alentours.jpg","contentUrl":"https:\/\/bonnesadressesremoises.fr\/wp-content\/uploads\/2014\/04\/pour-se-promener-aux-alentours.jpg","width":1000,"height":215},{"@type":"BreadcrumbList","@id":"https:\/\/bonnesadressesremoises.fr\/index.php\/se-promener-aux-alentours-de-reims\/#breadcrumb","itemListElement":[{"@type":"ListItem","position":1,"name":"Home","item":"https:\/\/bonnesadressesremoises.fr\/"},{"@type":"ListItem","position":2,"name":"Se promener aux alentours de Reims"}]},{"@type":"WebSite","@id":"https:\/\/bonnesadressesremoises.fr\/#website","url":"https:\/\/bonnesadressesremoises.fr\/","name":"Bonnes Adresses R\u00e9moises","description":"Des bonnes adresses sur Reims!","potentialAction":[{"@type":"SearchAction","target":{"@type":"EntryPoint","urlTemplate":"https:\/\/bonnesadressesremoises.fr\/?s={search_term_string}"},"query-input":{"@type":"PropertyValueSpecification","valueRequired":true,"valueName":"search_term_string"}}],"inLanguage":"fr-FR"}]}},"_links":{"self":[{"href":"https:\/\/bonnesadressesremoises.fr\/index.php\/wp-json\/wp\/v2\/pages\/5621","targetHints":{"allow":["GET"]}}],"collection":[{"href":"https:\/\/bonnesadressesremoises.fr\/index.php\/wp-json\/wp\/v2\/pages"}],"about":[{"href":"https:\/\/bonnesadressesremoises.fr\/index.php\/wp-json\/wp\/v2\/types\/page"}],"author":[{"embeddable":true,"href":"https:\/\/bonnesadressesremoises.fr\/index.php\/wp-json\/wp\/v2\/users\/2"}],"replies":[{"embeddable":true,"href":"https:\/\/bonnesadressesremoises.fr\/index.php\/wp-json\/wp\/v2\/comments?post=5621"}],"version-history":[{"count":1,"href":"https:\/\/bonnesadressesremoises.fr\/index.php\/wp-json\/wp\/v2\/pages\/5621\/revisions"}],"predecessor-version":[{"id":12989,"href":"https:\/\/bonnesadressesremoises.fr\/index.php\/wp-json\/wp\/v2\/pages\/5621\/revisions\/12989"}],"wp:featuredmedia":[{"embeddable":true,"href":"https:\/\/bonnesadressesremoises.fr\/index.php\/wp-json\/wp\/v2\/media\/10188"}],"wp:attachment":[{"href":"https:\/\/bonnesadressesremoises.fr\/index.php\/wp-json\/wp\/v2\/media?parent=5621"}],"curies":[{"name":"wp","href":"https:\/\/api.w.org\/{rel}","templated":true}]}}