{"id":6475,"date":"2014-04-15T16:36:01","date_gmt":"2014-04-15T14:36:01","guid":{"rendered":"http:\/\/bonnesadressesremoises.fr\/?page_id=6475"},"modified":"2015-12-21T16:23:23","modified_gmt":"2015-12-21T14:23:23","slug":"carnet-recettes-champenoises","status":"publish","type":"page","link":"https:\/\/bonnesadressesremoises.fr\/index.php\/carnet-recettes-champenoises\/","title":{"rendered":"Carnet de recettes champenoises"},"content":{"rendered":"<p style=\"text-align: center;\"><strong>Id\u00e9es sal\u00e9es<br \/>\n<\/strong><\/p>\n<p style=\"text-align: center;\"><a title=\"Foie gras au ratafia (cuisson au torchon)\" href=\"https:\/\/bonnesadressesremoises.fr\/index.php\/foie-gras-ratafia-cuit-au-torchon\/\">foie gras cuit au ratafia<\/a>\u00a0\/ <a title=\"Palette demi-sel au cidre du pays d\u2019Othe\" href=\"https:\/\/bonnesadressesremoises.fr\/index.php\/palette-demi-sel-cidre-pays-othe\/\">palette demi-sel au cidre du Pays d&rsquo;Othe<\/a> \/ <a title=\"Gratin champenois\" href=\"https:\/\/bonnesadressesremoises.fr\/index.php\/gratin-champenois\/\">gratin au Chaource<\/a><\/p>\n<p style=\"text-align: center;\"><strong>Id\u00e9es sucr\u00e9es<\/strong><\/p>\n<p style=\"text-align: center;\"><a title=\"G\u00e2teau r\u00e9mois\" href=\"https:\/\/bonnesadressesremoises.fr\/index.php\/recette-gateau-remois\/\">g\u00e2teau r\u00e9mois<\/a>\u00a0\/ <a title=\"Truffes aux biscuits roses\" href=\"https:\/\/bonnesadressesremoises.fr\/index.php\/recette-truffes-biscuits-roses\/\">truffes aux biscuits roses<\/a><\/p>\n<p style=\"text-align: center;\">\n<p style=\"text-align: center;\"><span style=\"color: #800000;\"><a style=\"color: #800000;\" href=\"https:\/\/bonnesadressesremoises.fr\/index.php\/produits-locaux-a-deguster\/\">Cliquez ici pour d\u00e9couvrir les produits locaux de Champagne<\/a><\/span><\/p>\n<p style=\"text-align: center;\"><img loading=\"lazy\" decoding=\"async\" class=\"aligncenter size-full wp-image-7622\" src=\"https:\/\/bonnesadressesremoises.fr\/wp-content\/uploads\/2015\/01\/truffes-biscuit-rose-1.jpg\" alt=\"truffes-biscuit-rose-1\" width=\"750\" height=\"439\" srcset=\"https:\/\/bonnesadressesremoises.fr\/wp-content\/uploads\/2015\/01\/truffes-biscuit-rose-1.jpg 750w, https:\/\/bonnesadressesremoises.fr\/wp-content\/uploads\/2015\/01\/truffes-biscuit-rose-1-500x292.jpg 500w\" sizes=\"auto, (max-width: 750px) 100vw, 750px\" \/><\/p>\n","protected":false},"excerpt":{"rendered":"<p>Id\u00e9es sal\u00e9es foie gras cuit au ratafia\u00a0\/ palette demi-sel au cidre du Pays d&rsquo;Othe \/ gratin au Chaource Id\u00e9es sucr\u00e9es g\u00e2teau r\u00e9mois\u00a0\/ truffes aux biscuits roses Cliquez ici pour d\u00e9couvrir les produits locaux de Champagne<\/p>\n","protected":false},"author":2,"featured_media":10178,"parent":0,"menu_order":0,"comment_status":"open","ping_status":"closed","template":"sidebar-page.php","meta":{"footnotes":""},"class_list":["post-6475","page","type-page","status-publish","has-post-thumbnail","hentry"],"yoast_head":"<!-- This site is optimized with the Yoast SEO plugin v27.3 - https:\/\/yoast.com\/product\/yoast-seo-wordpress\/ -->\n<title>Carnet de recettes champenoises - Miam miam :-)<\/title>\n<meta name=\"description\" content=\"Recettes champenoises avec produits locaux (ratafia, biscuit rose, chaource, champagne,...). Par l&#039;\u00e9quipe des Bonnes Adresses R\u00e9moises\" \/>\n<meta name=\"robots\" content=\"index, follow, max-snippet:-1, max-image-preview:large, max-video-preview:-1\" \/>\n<link rel=\"canonical\" href=\"https:\/\/bonnesadressesremoises.fr\/index.php\/carnet-recettes-champenoises\/\" \/>\n<script type=\"application\/ld+json\" class=\"yoast-schema-graph\">{\"@context\":\"https:\\\/\\\/schema.org\",\"@graph\":[{\"@type\":\"WebPage\",\"@id\":\"https:\\\/\\\/bonnesadressesremoises.fr\\\/index.php\\\/carnet-recettes-champenoises\\\/\",\"url\":\"https:\\\/\\\/bonnesadressesremoises.fr\\\/index.php\\\/carnet-recettes-champenoises\\\/\",\"name\":\"Carnet de recettes champenoises - Miam miam :-)\",\"isPartOf\":{\"@id\":\"https:\\\/\\\/bonnesadressesremoises.fr\\\/#website\"},\"primaryImageOfPage\":{\"@id\":\"https:\\\/\\\/bonnesadressesremoises.fr\\\/index.php\\\/carnet-recettes-champenoises\\\/#primaryimage\"},\"image\":{\"@id\":\"https:\\\/\\\/bonnesadressesremoises.fr\\\/index.php\\\/carnet-recettes-champenoises\\\/#primaryimage\"},\"thumbnailUrl\":\"https:\\\/\\\/bonnesadressesremoises.fr\\\/wp-content\\\/uploads\\\/2014\\\/04\\\/recettes-champenoises.jpg\",\"datePublished\":\"2014-04-15T14:36:01+00:00\",\"dateModified\":\"2015-12-21T14:23:23+00:00\",\"description\":\"Recettes champenoises avec produits locaux (ratafia, biscuit rose, chaource, champagne,...). Par l'\u00e9quipe des Bonnes Adresses R\u00e9moises\",\"breadcrumb\":{\"@id\":\"https:\\\/\\\/bonnesadressesremoises.fr\\\/index.php\\\/carnet-recettes-champenoises\\\/#breadcrumb\"},\"inLanguage\":\"fr-FR\",\"potentialAction\":[{\"@type\":\"ReadAction\",\"target\":[\"https:\\\/\\\/bonnesadressesremoises.fr\\\/index.php\\\/carnet-recettes-champenoises\\\/\"]}]},{\"@type\":\"ImageObject\",\"inLanguage\":\"fr-FR\",\"@id\":\"https:\\\/\\\/bonnesadressesremoises.fr\\\/index.php\\\/carnet-recettes-champenoises\\\/#primaryimage\",\"url\":\"https:\\\/\\\/bonnesadressesremoises.fr\\\/wp-content\\\/uploads\\\/2014\\\/04\\\/recettes-champenoises.jpg\",\"contentUrl\":\"https:\\\/\\\/bonnesadressesremoises.fr\\\/wp-content\\\/uploads\\\/2014\\\/04\\\/recettes-champenoises.jpg\",\"width\":1000,\"height\":215},{\"@type\":\"BreadcrumbList\",\"@id\":\"https:\\\/\\\/bonnesadressesremoises.fr\\\/index.php\\\/carnet-recettes-champenoises\\\/#breadcrumb\",\"itemListElement\":[{\"@type\":\"ListItem\",\"position\":1,\"name\":\"Home\",\"item\":\"https:\\\/\\\/bonnesadressesremoises.fr\\\/\"},{\"@type\":\"ListItem\",\"position\":2,\"name\":\"Carnet de recettes champenoises\"}]},{\"@type\":\"WebSite\",\"@id\":\"https:\\\/\\\/bonnesadressesremoises.fr\\\/#website\",\"url\":\"https:\\\/\\\/bonnesadressesremoises.fr\\\/\",\"name\":\"Bonnes Adresses R\u00e9moises\",\"description\":\"Des bonnes adresses sur Reims!\",\"potentialAction\":[{\"@type\":\"SearchAction\",\"target\":{\"@type\":\"EntryPoint\",\"urlTemplate\":\"https:\\\/\\\/bonnesadressesremoises.fr\\\/?s={search_term_string}\"},\"query-input\":{\"@type\":\"PropertyValueSpecification\",\"valueRequired\":true,\"valueName\":\"search_term_string\"}}],\"inLanguage\":\"fr-FR\"}]}<\/script>\n<!-- \/ Yoast SEO plugin. -->","yoast_head_json":{"title":"Carnet de recettes champenoises - Miam miam :-)","description":"Recettes champenoises avec produits locaux (ratafia, biscuit rose, chaource, champagne,...). Par l'\u00e9quipe des Bonnes Adresses R\u00e9moises","robots":{"index":"index","follow":"follow","max-snippet":"max-snippet:-1","max-image-preview":"max-image-preview:large","max-video-preview":"max-video-preview:-1"},"canonical":"https:\/\/bonnesadressesremoises.fr\/index.php\/carnet-recettes-champenoises\/","schema":{"@context":"https:\/\/schema.org","@graph":[{"@type":"WebPage","@id":"https:\/\/bonnesadressesremoises.fr\/index.php\/carnet-recettes-champenoises\/","url":"https:\/\/bonnesadressesremoises.fr\/index.php\/carnet-recettes-champenoises\/","name":"Carnet de recettes champenoises - Miam miam :-)","isPartOf":{"@id":"https:\/\/bonnesadressesremoises.fr\/#website"},"primaryImageOfPage":{"@id":"https:\/\/bonnesadressesremoises.fr\/index.php\/carnet-recettes-champenoises\/#primaryimage"},"image":{"@id":"https:\/\/bonnesadressesremoises.fr\/index.php\/carnet-recettes-champenoises\/#primaryimage"},"thumbnailUrl":"https:\/\/bonnesadressesremoises.fr\/wp-content\/uploads\/2014\/04\/recettes-champenoises.jpg","datePublished":"2014-04-15T14:36:01+00:00","dateModified":"2015-12-21T14:23:23+00:00","description":"Recettes champenoises avec produits locaux (ratafia, biscuit rose, chaource, champagne,...). Par l'\u00e9quipe des Bonnes Adresses R\u00e9moises","breadcrumb":{"@id":"https:\/\/bonnesadressesremoises.fr\/index.php\/carnet-recettes-champenoises\/#breadcrumb"},"inLanguage":"fr-FR","potentialAction":[{"@type":"ReadAction","target":["https:\/\/bonnesadressesremoises.fr\/index.php\/carnet-recettes-champenoises\/"]}]},{"@type":"ImageObject","inLanguage":"fr-FR","@id":"https:\/\/bonnesadressesremoises.fr\/index.php\/carnet-recettes-champenoises\/#primaryimage","url":"https:\/\/bonnesadressesremoises.fr\/wp-content\/uploads\/2014\/04\/recettes-champenoises.jpg","contentUrl":"https:\/\/bonnesadressesremoises.fr\/wp-content\/uploads\/2014\/04\/recettes-champenoises.jpg","width":1000,"height":215},{"@type":"BreadcrumbList","@id":"https:\/\/bonnesadressesremoises.fr\/index.php\/carnet-recettes-champenoises\/#breadcrumb","itemListElement":[{"@type":"ListItem","position":1,"name":"Home","item":"https:\/\/bonnesadressesremoises.fr\/"},{"@type":"ListItem","position":2,"name":"Carnet de recettes champenoises"}]},{"@type":"WebSite","@id":"https:\/\/bonnesadressesremoises.fr\/#website","url":"https:\/\/bonnesadressesremoises.fr\/","name":"Bonnes Adresses R\u00e9moises","description":"Des bonnes adresses sur Reims!","potentialAction":[{"@type":"SearchAction","target":{"@type":"EntryPoint","urlTemplate":"https:\/\/bonnesadressesremoises.fr\/?s={search_term_string}"},"query-input":{"@type":"PropertyValueSpecification","valueRequired":true,"valueName":"search_term_string"}}],"inLanguage":"fr-FR"}]}},"_links":{"self":[{"href":"https:\/\/bonnesadressesremoises.fr\/index.php\/wp-json\/wp\/v2\/pages\/6475","targetHints":{"allow":["GET"]}}],"collection":[{"href":"https:\/\/bonnesadressesremoises.fr\/index.php\/wp-json\/wp\/v2\/pages"}],"about":[{"href":"https:\/\/bonnesadressesremoises.fr\/index.php\/wp-json\/wp\/v2\/types\/page"}],"author":[{"embeddable":true,"href":"https:\/\/bonnesadressesremoises.fr\/index.php\/wp-json\/wp\/v2\/users\/2"}],"replies":[{"embeddable":true,"href":"https:\/\/bonnesadressesremoises.fr\/index.php\/wp-json\/wp\/v2\/comments?post=6475"}],"version-history":[{"count":0,"href":"https:\/\/bonnesadressesremoises.fr\/index.php\/wp-json\/wp\/v2\/pages\/6475\/revisions"}],"wp:featuredmedia":[{"embeddable":true,"href":"https:\/\/bonnesadressesremoises.fr\/index.php\/wp-json\/wp\/v2\/media\/10178"}],"wp:attachment":[{"href":"https:\/\/bonnesadressesremoises.fr\/index.php\/wp-json\/wp\/v2\/media?parent=6475"}],"curies":[{"name":"wp","href":"https:\/\/api.w.org\/{rel}","templated":true}]}}