{"id":717,"date":"2012-05-02T20:34:29","date_gmt":"2012-05-02T18:34:29","guid":{"rendered":"http:\/\/bonnesadressesremoises.fr\/?page_id=717"},"modified":"2019-05-08T18:43:47","modified_gmt":"2019-05-08T16:43:47","slug":"cavistes","status":"publish","type":"page","link":"https:\/\/bonnesadressesremoises.fr\/index.php\/cavistes\/","title":{"rendered":"Bonnes adresses de cavistes"},"content":{"rendered":"<p>Les adresses de cavistes r\u00e9f\u00e9renc\u00e9es ci-dessous sont des adresses coups de coeur. Comme toutes nos \u00ab\u00a0bonnes adresses\u00a0\u00bb, on leur fait de la \u00ab\u00a0pub gratuite\u00a0\u00bb, tout simplement parce qu&rsquo;on les aime ! &#x2665;&#x2665;&#x2665;<\/p>\n<p>Pour les touristes qui chercheraient un caviste o\u00f9 se procurer du Champagne, nous avons \u00e9crit <a href=\"https:\/\/bonnesadressesremoises.fr\/index.php\/ou-acheter-champagne-a-reims\/\" target=\"_blank\" rel=\"noopener noreferrer\">un article pour r\u00e9pertorier les cavistes r\u00e9mois qui nous semblent les plus pertinents question Champagne<\/a>.<\/p>\n<p style=\"text-align: center;\"><a title=\"La Cave Colbert\" href=\"https:\/\/bonnesadressesremoises.fr\/index.php\/cave-colbert-reims\/\"><img loading=\"lazy\" decoding=\"async\" class=\"alignnone wp-image-7940 size-full\" src=\"https:\/\/bonnesadressesremoises.fr\/wp-content\/uploads\/2012\/05\/cave-colbert-vignette.png\" alt=\"cave-colbert-vignette\" width=\"140\" height=\"124\" \/><\/a> <a title=\"Les caves du Forum\" href=\"https:\/\/bonnesadressesremoises.fr\/index.php\/caves-du-forum\/\"><img loading=\"lazy\" decoding=\"async\" class=\"alignnone size-full wp-image-7951\" src=\"https:\/\/bonnesadressesremoises.fr\/wp-content\/uploads\/2012\/05\/les-caves-du-forum-vignette.png\" alt=\"les-caves-du-forum-vignette\" width=\"140\" height=\"124\" \/><\/a>\u00a0<a title=\"Dyvin\" href=\"https:\/\/bonnesadressesremoises.fr\/index.php\/dyvin-reims\/\"><img loading=\"lazy\" decoding=\"async\" class=\"alignnone wp-image-7942 size-full\" src=\"https:\/\/bonnesadressesremoises.fr\/wp-content\/uploads\/2012\/05\/dyvin-vignette.png\" alt=\"dyvin-vignette\" width=\"140\" height=\"124\" \/><\/a> <a title=\"Fromages et Vins du Boulingrin\" href=\"https:\/\/bonnesadressesremoises.fr\/index.php\/fromages-et-vins-du-boulingrin\/\"><img loading=\"lazy\" decoding=\"async\" class=\"alignnone size-full wp-image-7949\" src=\"https:\/\/bonnesadressesremoises.fr\/wp-content\/uploads\/2012\/05\/fromages-vins-vignette1.png\" alt=\"fromages-vins-vignette\" width=\"140\" height=\"124\" \/><\/a>\u00a0<a title=\"La Grande Boutique du Vin \u2013 Vins CPH\" href=\"https:\/\/bonnesadressesremoises.fr\/index.php\/grande-boutique-du-vin-cph\/\"><img loading=\"lazy\" decoding=\"async\" class=\"alignnone wp-image-7944 size-full\" src=\"https:\/\/bonnesadressesremoises.fr\/wp-content\/uploads\/2012\/05\/grande-boutique-du-vin-vignette1.png\" alt=\"grande-boutique-du-vin-vignette\" width=\"140\" height=\"124\" \/><\/a> <a title=\"Au Bon Manger\" href=\"https:\/\/bonnesadressesremoises.fr\/index.php\/au-bon-manger\/\"><img loading=\"lazy\" decoding=\"async\" class=\"alignnone size-full wp-image-7939\" src=\"https:\/\/bonnesadressesremoises.fr\/wp-content\/uploads\/2012\/05\/au-bon-manger-vignette1.png\" alt=\"au-bon-manger-vignette\" width=\"140\" height=\"124\" \/><\/a> \u00a0<a href=\"https:\/\/bonnesadressesremoises.fr\/index.php\/aux-3-ptits-bouchons\/\" target=\"_blank\" rel=\"noopener noreferrer\"><img loading=\"lazy\" decoding=\"async\" class=\"alignnone size-full wp-image-8636\" src=\"https:\/\/bonnesadressesremoises.fr\/wp-content\/uploads\/2012\/05\/aux-3-ptits-bouchons-vignette.png\" alt=\"aux-3-ptits-bouchons-vignette\" width=\"140\" height=\"124\" \/><\/a>\u00a0<a href=\"https:\/\/bonnesadressesremoises.fr\/index.php\/cave-520-epernay\/\" target=\"_blank\" rel=\"noopener noreferrer\"><img loading=\"lazy\" decoding=\"async\" class=\"alignnone size-full wp-image-12692\" src=\"https:\/\/bonnesadressesremoises.fr\/wp-content\/uploads\/2012\/05\/cave-520-vignette.png\" alt=\"\" width=\"140\" height=\"124\" \/><\/a>\u00a0<a href=\"https:\/\/bonnesadressesremoises.fr\/index.php\/cave-bois-joli\/\" target=\"_blank\" rel=\"noopener noreferrer\"><img loading=\"lazy\" decoding=\"async\" class=\"alignnone size-full wp-image-10041\" src=\"https:\/\/bonnesadressesremoises.fr\/wp-content\/uploads\/2012\/05\/cave-du-bois-joli-vignette.png\" alt=\"cave-du-bois-joli-vignette\" width=\"140\" height=\"124\" \/>\u00a0<\/a><\/p>\n<p style=\"text-align: center;\"><a title=\"Vue d\u2019ensemble des cavistes r\u00e9mois\" href=\"https:\/\/bonnesadressesremoises.fr\/index.php\/cavistes-de-reims\/\">Cliquez ici pour lire notre article pour une vue d&rsquo;ensemble sur les cavistes r\u00e9mois.<\/a><\/p>\n<p><iframe loading=\"lazy\" src=\"https:\/\/www.google.com\/maps\/d\/embed?mid=1gf8qiaTeArQVUiIdrz2RVt_jizU\" width=\"640\" height=\"480\"><\/iframe><\/p>\n<p><img loading=\"lazy\" decoding=\"async\" class=\"aligncenter wp-image-10026 size-full\" title=\"Cavistes R\u00e9mois\" src=\"https:\/\/bonnesadressesremoises.fr\/wp-content\/uploads\/2015\/11\/bois-joli-caviste-6.jpg\" alt=\"Cavistes R\u00e9mois\" width=\"750\" height=\"359\" srcset=\"https:\/\/bonnesadressesremoises.fr\/wp-content\/uploads\/2015\/11\/bois-joli-caviste-6.jpg 750w, https:\/\/bonnesadressesremoises.fr\/wp-content\/uploads\/2015\/11\/bois-joli-caviste-6-500x239.jpg 500w\" sizes=\"auto, (max-width: 750px) 100vw, 750px\" \/><\/p>\n","protected":false},"excerpt":{"rendered":"<p>Les adresses de cavistes r\u00e9f\u00e9renc\u00e9es ci-dessous sont des adresses coups de coeur. Comme toutes nos \u00ab\u00a0bonnes adresses\u00a0\u00bb, on leur fait de la \u00ab\u00a0pub gratuite\u00a0\u00bb, tout simplement parce qu&rsquo;on les aime ! &#x2665;&#x2665;&#x2665; Pour les touristes qui chercheraient un caviste o\u00f9 &hellip; <a href=\"https:\/\/bonnesadressesremoises.fr\/index.php\/cavistes\/\">Continuer la lecture <span class=\"meta-nav\">&rarr;<\/span><\/a><\/p>\n","protected":false},"author":2,"featured_media":9915,"parent":0,"menu_order":0,"comment_status":"closed","ping_status":"closed","template":"sidebar-page.php","meta":{"footnotes":""},"class_list":["post-717","page","type-page","status-publish","has-post-thumbnail","hentry"],"yoast_head":"<!-- This site is optimized with the Yoast SEO plugin v27.4 - https:\/\/yoast.com\/product\/yoast-seo-wordpress\/ -->\n<title>Bonnes adresses de cavistes # Bonnes Adresses R\u00e9moises<\/title>\n<meta name=\"description\" content=\"Cavistes qui valent le d\u00e9tour sur Reims. La grande boutique du vin, les caves du forum, fromages et vins du Boulingrin, CQFD, ...\" \/>\n<meta name=\"robots\" content=\"index, follow, max-snippet:-1, max-image-preview:large, max-video-preview:-1\" \/>\n<link rel=\"canonical\" href=\"https:\/\/bonnesadressesremoises.fr\/index.php\/cavistes\/\" \/>\n<script type=\"application\/ld+json\" class=\"yoast-schema-graph\">{\"@context\":\"https:\\\/\\\/schema.org\",\"@graph\":[{\"@type\":\"WebPage\",\"@id\":\"https:\\\/\\\/bonnesadressesremoises.fr\\\/index.php\\\/cavistes\\\/\",\"url\":\"https:\\\/\\\/bonnesadressesremoises.fr\\\/index.php\\\/cavistes\\\/\",\"name\":\"Bonnes adresses de cavistes # Bonnes Adresses R\u00e9moises\",\"isPartOf\":{\"@id\":\"https:\\\/\\\/bonnesadressesremoises.fr\\\/#website\"},\"primaryImageOfPage\":{\"@id\":\"https:\\\/\\\/bonnesadressesremoises.fr\\\/index.php\\\/cavistes\\\/#primaryimage\"},\"image\":{\"@id\":\"https:\\\/\\\/bonnesadressesremoises.fr\\\/index.php\\\/cavistes\\\/#primaryimage\"},\"thumbnailUrl\":\"https:\\\/\\\/bonnesadressesremoises.fr\\\/wp-content\\\/uploads\\\/2015\\\/11\\\/pour-trouver-un-caviste.jpg\",\"datePublished\":\"2012-05-02T18:34:29+00:00\",\"dateModified\":\"2019-05-08T16:43:47+00:00\",\"description\":\"Cavistes qui valent le d\u00e9tour sur Reims. La grande boutique du vin, les caves du forum, fromages et vins du Boulingrin, CQFD, ...\",\"breadcrumb\":{\"@id\":\"https:\\\/\\\/bonnesadressesremoises.fr\\\/index.php\\\/cavistes\\\/#breadcrumb\"},\"inLanguage\":\"fr-FR\",\"potentialAction\":[{\"@type\":\"ReadAction\",\"target\":[\"https:\\\/\\\/bonnesadressesremoises.fr\\\/index.php\\\/cavistes\\\/\"]}]},{\"@type\":\"ImageObject\",\"inLanguage\":\"fr-FR\",\"@id\":\"https:\\\/\\\/bonnesadressesremoises.fr\\\/index.php\\\/cavistes\\\/#primaryimage\",\"url\":\"https:\\\/\\\/bonnesadressesremoises.fr\\\/wp-content\\\/uploads\\\/2015\\\/11\\\/pour-trouver-un-caviste.jpg\",\"contentUrl\":\"https:\\\/\\\/bonnesadressesremoises.fr\\\/wp-content\\\/uploads\\\/2015\\\/11\\\/pour-trouver-un-caviste.jpg\",\"width\":1000,\"height\":215},{\"@type\":\"BreadcrumbList\",\"@id\":\"https:\\\/\\\/bonnesadressesremoises.fr\\\/index.php\\\/cavistes\\\/#breadcrumb\",\"itemListElement\":[{\"@type\":\"ListItem\",\"position\":1,\"name\":\"Home\",\"item\":\"https:\\\/\\\/bonnesadressesremoises.fr\\\/\"},{\"@type\":\"ListItem\",\"position\":2,\"name\":\"Bonnes adresses de cavistes\"}]},{\"@type\":\"WebSite\",\"@id\":\"https:\\\/\\\/bonnesadressesremoises.fr\\\/#website\",\"url\":\"https:\\\/\\\/bonnesadressesremoises.fr\\\/\",\"name\":\"Bonnes Adresses R\u00e9moises\",\"description\":\"Des bonnes adresses sur Reims!\",\"potentialAction\":[{\"@type\":\"SearchAction\",\"target\":{\"@type\":\"EntryPoint\",\"urlTemplate\":\"https:\\\/\\\/bonnesadressesremoises.fr\\\/?s={search_term_string}\"},\"query-input\":{\"@type\":\"PropertyValueSpecification\",\"valueRequired\":true,\"valueName\":\"search_term_string\"}}],\"inLanguage\":\"fr-FR\"}]}<\/script>\n<!-- \/ Yoast SEO plugin. -->","yoast_head_json":{"title":"Bonnes adresses de cavistes # Bonnes Adresses R\u00e9moises","description":"Cavistes qui valent le d\u00e9tour sur Reims. La grande boutique du vin, les caves du forum, fromages et vins du Boulingrin, CQFD, ...","robots":{"index":"index","follow":"follow","max-snippet":"max-snippet:-1","max-image-preview":"max-image-preview:large","max-video-preview":"max-video-preview:-1"},"canonical":"https:\/\/bonnesadressesremoises.fr\/index.php\/cavistes\/","schema":{"@context":"https:\/\/schema.org","@graph":[{"@type":"WebPage","@id":"https:\/\/bonnesadressesremoises.fr\/index.php\/cavistes\/","url":"https:\/\/bonnesadressesremoises.fr\/index.php\/cavistes\/","name":"Bonnes adresses de cavistes # Bonnes Adresses R\u00e9moises","isPartOf":{"@id":"https:\/\/bonnesadressesremoises.fr\/#website"},"primaryImageOfPage":{"@id":"https:\/\/bonnesadressesremoises.fr\/index.php\/cavistes\/#primaryimage"},"image":{"@id":"https:\/\/bonnesadressesremoises.fr\/index.php\/cavistes\/#primaryimage"},"thumbnailUrl":"https:\/\/bonnesadressesremoises.fr\/wp-content\/uploads\/2015\/11\/pour-trouver-un-caviste.jpg","datePublished":"2012-05-02T18:34:29+00:00","dateModified":"2019-05-08T16:43:47+00:00","description":"Cavistes qui valent le d\u00e9tour sur Reims. La grande boutique du vin, les caves du forum, fromages et vins du Boulingrin, CQFD, ...","breadcrumb":{"@id":"https:\/\/bonnesadressesremoises.fr\/index.php\/cavistes\/#breadcrumb"},"inLanguage":"fr-FR","potentialAction":[{"@type":"ReadAction","target":["https:\/\/bonnesadressesremoises.fr\/index.php\/cavistes\/"]}]},{"@type":"ImageObject","inLanguage":"fr-FR","@id":"https:\/\/bonnesadressesremoises.fr\/index.php\/cavistes\/#primaryimage","url":"https:\/\/bonnesadressesremoises.fr\/wp-content\/uploads\/2015\/11\/pour-trouver-un-caviste.jpg","contentUrl":"https:\/\/bonnesadressesremoises.fr\/wp-content\/uploads\/2015\/11\/pour-trouver-un-caviste.jpg","width":1000,"height":215},{"@type":"BreadcrumbList","@id":"https:\/\/bonnesadressesremoises.fr\/index.php\/cavistes\/#breadcrumb","itemListElement":[{"@type":"ListItem","position":1,"name":"Home","item":"https:\/\/bonnesadressesremoises.fr\/"},{"@type":"ListItem","position":2,"name":"Bonnes adresses de cavistes"}]},{"@type":"WebSite","@id":"https:\/\/bonnesadressesremoises.fr\/#website","url":"https:\/\/bonnesadressesremoises.fr\/","name":"Bonnes Adresses R\u00e9moises","description":"Des bonnes adresses sur Reims!","potentialAction":[{"@type":"SearchAction","target":{"@type":"EntryPoint","urlTemplate":"https:\/\/bonnesadressesremoises.fr\/?s={search_term_string}"},"query-input":{"@type":"PropertyValueSpecification","valueRequired":true,"valueName":"search_term_string"}}],"inLanguage":"fr-FR"}]}},"_links":{"self":[{"href":"https:\/\/bonnesadressesremoises.fr\/index.php\/wp-json\/wp\/v2\/pages\/717","targetHints":{"allow":["GET"]}}],"collection":[{"href":"https:\/\/bonnesadressesremoises.fr\/index.php\/wp-json\/wp\/v2\/pages"}],"about":[{"href":"https:\/\/bonnesadressesremoises.fr\/index.php\/wp-json\/wp\/v2\/types\/page"}],"author":[{"embeddable":true,"href":"https:\/\/bonnesadressesremoises.fr\/index.php\/wp-json\/wp\/v2\/users\/2"}],"replies":[{"embeddable":true,"href":"https:\/\/bonnesadressesremoises.fr\/index.php\/wp-json\/wp\/v2\/comments?post=717"}],"version-history":[{"count":4,"href":"https:\/\/bonnesadressesremoises.fr\/index.php\/wp-json\/wp\/v2\/pages\/717\/revisions"}],"predecessor-version":[{"id":13229,"href":"https:\/\/bonnesadressesremoises.fr\/index.php\/wp-json\/wp\/v2\/pages\/717\/revisions\/13229"}],"wp:featuredmedia":[{"embeddable":true,"href":"https:\/\/bonnesadressesremoises.fr\/index.php\/wp-json\/wp\/v2\/media\/9915"}],"wp:attachment":[{"href":"https:\/\/bonnesadressesremoises.fr\/index.php\/wp-json\/wp\/v2\/media?parent=717"}],"curies":[{"name":"wp","href":"https:\/\/api.w.org\/{rel}","templated":true}]}}