{"id":7475,"date":"2014-12-27T16:19:42","date_gmt":"2014-12-27T14:19:42","guid":{"rendered":"http:\/\/bonnesadressesremoises.fr\/?page_id=7475"},"modified":"2016-09-16T18:51:20","modified_gmt":"2016-09-16T16:51:20","slug":"produits-locaux-a-deguster","status":"publish","type":"page","link":"https:\/\/bonnesadressesremoises.fr\/index.php\/produits-locaux-a-deguster\/","title":{"rendered":"Produits locaux \u00e0 d\u00e9guster"},"content":{"rendered":"<table style=\"width: 100%;\" border=\"0px\">\n<tbody>\n<tr>\n<td style=\"width: 50%;\"><span style=\"color: #483737;\">PRODUITS QUI SE MANGENT<\/span><\/p>\n<p><span style=\"color: #483737;\">&#8211; <a title=\"Les fromages de Champagne\" href=\"https:\/\/bonnesadressesremoises.fr\/index.php\/les-fromages-de-champagne\/\">Les fromages de Champagne<\/a><\/span><\/p>\n<p><span style=\"color: #483737;\">&#8211; <a title=\"La Cav\u2019o Truffes de la Champagne\" href=\"https:\/\/bonnesadressesremoises.fr\/index.php\/cave-aux-truffes-de-champagne\/\">La truffe de Champagne<\/a><\/span><\/p>\n<p><span style=\"color: #483737;\">&#8211; <a title=\"Les biscuits de la Maison Fossier\" href=\"https:\/\/bonnesadressesremoises.fr\/index.php\/biscuits-maison-fossier\/\">Les biscuits de la maison Fossier<\/a><\/span><\/p>\n<p><span style=\"color: #483737;\">&#8211; <a title=\"Le bouchon de champagne\u2026 en chocolat !\" href=\"https:\/\/bonnesadressesremoises.fr\/index.php\/le-bouchon-de-champagne-en-chocolat\/\">Les bouchons de champagne en chocolat<\/a><\/span><\/p>\n<p><span style=\"color: #483737;\">&#8211; Le miel de <a href=\"https:\/\/bonnesadressesremoises.fr\/index.php\/miel-des-sages\/\">Marc-Antoine Janody<\/a> \/\u00a0<\/span><span style=\"color: #483737;\"><a title=\"Le miel des ruches de Stellie Moreau\" href=\"https:\/\/bonnesadressesremoises.fr\/index.php\/miel-stellie-moreau\/\">de Stellie Moreau<\/a><\/span><\/p>\n<p><span style=\"color: #483737;\">&#8211; <a title=\"Les Escargots des Grands Crus\" href=\"https:\/\/bonnesadressesremoises.fr\/index.php\/escargots-des-grands-crus-bouzy\/\">Les escargots de Bouzy<\/a><\/span><\/td>\n<td><span style=\"color: #483737;\">PRODUITS QUI SE BOIVENT<\/span><\/p>\n<p><span style=\"color: #483737;\">&#8211; <a title=\"Distillerie Guillon\" href=\"https:\/\/bonnesadressesremoises.fr\/index.php\/distillerie-guillon\/\">L&rsquo;esprit du Malt de la Montagne de Reims <\/a>(et oui ! du whisky champenois !)<\/span><\/p>\n<p><span style=\"color: #483737;\">&#8211; <a title=\"La Margoulette\" href=\"https:\/\/bonnesadressesremoises.fr\/index.php\/la-margoulette-brasserie-bergnicourt\/\">La bi\u00e8re \u00ab\u00a0La Margoulette\u00a0\u00bb<\/a><\/span><\/p>\n<p><span style=\"color: #483737;\">&#8211; <a href=\"https:\/\/bonnesadressesremoises.fr\/index.php\/cidrerie-capitaine-lalobbe\/\">Les Bulles Ardennaises<\/a><br \/>\n(le cidre Capitaine)<\/span><\/p>\n<p><span style=\"color: #483737;\">&#8211;<\/span> <a title=\"Champagne : notre s\u00e9lection d\u2019adresses\" href=\"https:\/\/bonnesadressesremoises.fr\/index.php\/adresses-champagne\/\">Le champagne<\/a>\u00a0<span style=\"color: #483737;\">(notre produit local phare, \u00e9videmment!)<\/span><\/p>\n<p><span style=\"color: #483737;\">&#8211; <a href=\"https:\/\/bonnesadressesremoises.fr\/index.php\/coteaux-champenois-blancs\/\">Le coteau champenois blanc<\/a><\/span><\/p>\n<p><span style=\"color: #483737;\">\u00a0<\/span><\/td>\n<\/tr>\n<\/tbody>\n<\/table>\n","protected":false},"excerpt":{"rendered":"<p>PRODUITS QUI SE MANGENT &#8211; Les fromages de Champagne &#8211; La truffe de Champagne &#8211; Les biscuits de la maison Fossier &#8211; Les bouchons de champagne en chocolat &#8211; Le miel de Marc-Antoine Janody \/\u00a0de Stellie Moreau &#8211; Les escargots &hellip; <a href=\"https:\/\/bonnesadressesremoises.fr\/index.php\/produits-locaux-a-deguster\/\">Continuer la lecture <span class=\"meta-nav\">&rarr;<\/span><\/a><\/p>\n","protected":false},"author":2,"featured_media":10183,"parent":0,"menu_order":0,"comment_status":"open","ping_status":"closed","template":"sidebar-page.php","meta":{"footnotes":""},"class_list":["post-7475","page","type-page","status-publish","has-post-thumbnail","hentry"],"yoast_head":"<!-- This site is optimized with the Yoast SEO plugin v27.3 - https:\/\/yoast.com\/product\/yoast-seo-wordpress\/ -->\n<title>Produits locaux \u00e0 d\u00e9guster # Bonnes Adresses R\u00e9moises<\/title>\n<meta name=\"description\" content=\"A Reims, il n&#039;y a pas que le champagne. D\u00e9couvrez tous les produits locaux \u00e0 d\u00e9guster. De jolies surprises gustatives \u00e0 d\u00e9couvrir.\" \/>\n<meta name=\"robots\" content=\"index, follow, max-snippet:-1, max-image-preview:large, max-video-preview:-1\" \/>\n<link rel=\"canonical\" href=\"https:\/\/bonnesadressesremoises.fr\/index.php\/produits-locaux-a-deguster\/\" \/>\n<script type=\"application\/ld+json\" class=\"yoast-schema-graph\">{\"@context\":\"https:\\\/\\\/schema.org\",\"@graph\":[{\"@type\":\"WebPage\",\"@id\":\"https:\\\/\\\/bonnesadressesremoises.fr\\\/index.php\\\/produits-locaux-a-deguster\\\/\",\"url\":\"https:\\\/\\\/bonnesadressesremoises.fr\\\/index.php\\\/produits-locaux-a-deguster\\\/\",\"name\":\"Produits locaux \u00e0 d\u00e9guster # Bonnes Adresses R\u00e9moises\",\"isPartOf\":{\"@id\":\"https:\\\/\\\/bonnesadressesremoises.fr\\\/#website\"},\"primaryImageOfPage\":{\"@id\":\"https:\\\/\\\/bonnesadressesremoises.fr\\\/index.php\\\/produits-locaux-a-deguster\\\/#primaryimage\"},\"image\":{\"@id\":\"https:\\\/\\\/bonnesadressesremoises.fr\\\/index.php\\\/produits-locaux-a-deguster\\\/#primaryimage\"},\"thumbnailUrl\":\"https:\\\/\\\/bonnesadressesremoises.fr\\\/wp-content\\\/uploads\\\/2014\\\/12\\\/produits-champenois.jpg\",\"datePublished\":\"2014-12-27T14:19:42+00:00\",\"dateModified\":\"2016-09-16T16:51:20+00:00\",\"description\":\"A Reims, il n'y a pas que le champagne. D\u00e9couvrez tous les produits locaux \u00e0 d\u00e9guster. De jolies surprises gustatives \u00e0 d\u00e9couvrir.\",\"breadcrumb\":{\"@id\":\"https:\\\/\\\/bonnesadressesremoises.fr\\\/index.php\\\/produits-locaux-a-deguster\\\/#breadcrumb\"},\"inLanguage\":\"fr-FR\",\"potentialAction\":[{\"@type\":\"ReadAction\",\"target\":[\"https:\\\/\\\/bonnesadressesremoises.fr\\\/index.php\\\/produits-locaux-a-deguster\\\/\"]}]},{\"@type\":\"ImageObject\",\"inLanguage\":\"fr-FR\",\"@id\":\"https:\\\/\\\/bonnesadressesremoises.fr\\\/index.php\\\/produits-locaux-a-deguster\\\/#primaryimage\",\"url\":\"https:\\\/\\\/bonnesadressesremoises.fr\\\/wp-content\\\/uploads\\\/2014\\\/12\\\/produits-champenois.jpg\",\"contentUrl\":\"https:\\\/\\\/bonnesadressesremoises.fr\\\/wp-content\\\/uploads\\\/2014\\\/12\\\/produits-champenois.jpg\",\"width\":1000,\"height\":215},{\"@type\":\"BreadcrumbList\",\"@id\":\"https:\\\/\\\/bonnesadressesremoises.fr\\\/index.php\\\/produits-locaux-a-deguster\\\/#breadcrumb\",\"itemListElement\":[{\"@type\":\"ListItem\",\"position\":1,\"name\":\"Home\",\"item\":\"https:\\\/\\\/bonnesadressesremoises.fr\\\/\"},{\"@type\":\"ListItem\",\"position\":2,\"name\":\"Produits locaux \u00e0 d\u00e9guster\"}]},{\"@type\":\"WebSite\",\"@id\":\"https:\\\/\\\/bonnesadressesremoises.fr\\\/#website\",\"url\":\"https:\\\/\\\/bonnesadressesremoises.fr\\\/\",\"name\":\"Bonnes Adresses R\u00e9moises\",\"description\":\"Des bonnes adresses sur Reims!\",\"potentialAction\":[{\"@type\":\"SearchAction\",\"target\":{\"@type\":\"EntryPoint\",\"urlTemplate\":\"https:\\\/\\\/bonnesadressesremoises.fr\\\/?s={search_term_string}\"},\"query-input\":{\"@type\":\"PropertyValueSpecification\",\"valueRequired\":true,\"valueName\":\"search_term_string\"}}],\"inLanguage\":\"fr-FR\"}]}<\/script>\n<!-- \/ Yoast SEO plugin. -->","yoast_head_json":{"title":"Produits locaux \u00e0 d\u00e9guster # Bonnes Adresses R\u00e9moises","description":"A Reims, il n'y a pas que le champagne. D\u00e9couvrez tous les produits locaux \u00e0 d\u00e9guster. De jolies surprises gustatives \u00e0 d\u00e9couvrir.","robots":{"index":"index","follow":"follow","max-snippet":"max-snippet:-1","max-image-preview":"max-image-preview:large","max-video-preview":"max-video-preview:-1"},"canonical":"https:\/\/bonnesadressesremoises.fr\/index.php\/produits-locaux-a-deguster\/","schema":{"@context":"https:\/\/schema.org","@graph":[{"@type":"WebPage","@id":"https:\/\/bonnesadressesremoises.fr\/index.php\/produits-locaux-a-deguster\/","url":"https:\/\/bonnesadressesremoises.fr\/index.php\/produits-locaux-a-deguster\/","name":"Produits locaux \u00e0 d\u00e9guster # Bonnes Adresses R\u00e9moises","isPartOf":{"@id":"https:\/\/bonnesadressesremoises.fr\/#website"},"primaryImageOfPage":{"@id":"https:\/\/bonnesadressesremoises.fr\/index.php\/produits-locaux-a-deguster\/#primaryimage"},"image":{"@id":"https:\/\/bonnesadressesremoises.fr\/index.php\/produits-locaux-a-deguster\/#primaryimage"},"thumbnailUrl":"https:\/\/bonnesadressesremoises.fr\/wp-content\/uploads\/2014\/12\/produits-champenois.jpg","datePublished":"2014-12-27T14:19:42+00:00","dateModified":"2016-09-16T16:51:20+00:00","description":"A Reims, il n'y a pas que le champagne. D\u00e9couvrez tous les produits locaux \u00e0 d\u00e9guster. De jolies surprises gustatives \u00e0 d\u00e9couvrir.","breadcrumb":{"@id":"https:\/\/bonnesadressesremoises.fr\/index.php\/produits-locaux-a-deguster\/#breadcrumb"},"inLanguage":"fr-FR","potentialAction":[{"@type":"ReadAction","target":["https:\/\/bonnesadressesremoises.fr\/index.php\/produits-locaux-a-deguster\/"]}]},{"@type":"ImageObject","inLanguage":"fr-FR","@id":"https:\/\/bonnesadressesremoises.fr\/index.php\/produits-locaux-a-deguster\/#primaryimage","url":"https:\/\/bonnesadressesremoises.fr\/wp-content\/uploads\/2014\/12\/produits-champenois.jpg","contentUrl":"https:\/\/bonnesadressesremoises.fr\/wp-content\/uploads\/2014\/12\/produits-champenois.jpg","width":1000,"height":215},{"@type":"BreadcrumbList","@id":"https:\/\/bonnesadressesremoises.fr\/index.php\/produits-locaux-a-deguster\/#breadcrumb","itemListElement":[{"@type":"ListItem","position":1,"name":"Home","item":"https:\/\/bonnesadressesremoises.fr\/"},{"@type":"ListItem","position":2,"name":"Produits locaux \u00e0 d\u00e9guster"}]},{"@type":"WebSite","@id":"https:\/\/bonnesadressesremoises.fr\/#website","url":"https:\/\/bonnesadressesremoises.fr\/","name":"Bonnes Adresses R\u00e9moises","description":"Des bonnes adresses sur Reims!","potentialAction":[{"@type":"SearchAction","target":{"@type":"EntryPoint","urlTemplate":"https:\/\/bonnesadressesremoises.fr\/?s={search_term_string}"},"query-input":{"@type":"PropertyValueSpecification","valueRequired":true,"valueName":"search_term_string"}}],"inLanguage":"fr-FR"}]}},"_links":{"self":[{"href":"https:\/\/bonnesadressesremoises.fr\/index.php\/wp-json\/wp\/v2\/pages\/7475","targetHints":{"allow":["GET"]}}],"collection":[{"href":"https:\/\/bonnesadressesremoises.fr\/index.php\/wp-json\/wp\/v2\/pages"}],"about":[{"href":"https:\/\/bonnesadressesremoises.fr\/index.php\/wp-json\/wp\/v2\/types\/page"}],"author":[{"embeddable":true,"href":"https:\/\/bonnesadressesremoises.fr\/index.php\/wp-json\/wp\/v2\/users\/2"}],"replies":[{"embeddable":true,"href":"https:\/\/bonnesadressesremoises.fr\/index.php\/wp-json\/wp\/v2\/comments?post=7475"}],"version-history":[{"count":2,"href":"https:\/\/bonnesadressesremoises.fr\/index.php\/wp-json\/wp\/v2\/pages\/7475\/revisions"}],"predecessor-version":[{"id":11732,"href":"https:\/\/bonnesadressesremoises.fr\/index.php\/wp-json\/wp\/v2\/pages\/7475\/revisions\/11732"}],"wp:featuredmedia":[{"embeddable":true,"href":"https:\/\/bonnesadressesremoises.fr\/index.php\/wp-json\/wp\/v2\/media\/10183"}],"wp:attachment":[{"href":"https:\/\/bonnesadressesremoises.fr\/index.php\/wp-json\/wp\/v2\/media?parent=7475"}],"curies":[{"name":"wp","href":"https:\/\/api.w.org\/{rel}","templated":true}]}}